{"id":15140,"date":"2024-04-29T15:54:02","date_gmt":"2024-04-29T13:54:02","guid":{"rendered":"https:\/\/test.proterm.md\/?post_type=product&#038;p=15140"},"modified":"2025-05-30T12:07:55","modified_gmt":"2025-05-30T10:07:55","slug":"colector-podea-calda-xf26","status":"publish","type":"product","link":"https:\/\/test.proterm.md\/ro\/product\/colector-podea-calda-xf26\/","title":{"rendered":"Colector podea calda XF26"},"content":{"rendered":"<p>Colector multiport din alam\u0103 57-3. Acest colector poate fi folosit, de exemplu, pentru a conecta mai multe conducte la o singur\u0103 ie\u0219ire printr-un teu. Avantaj: trebuie conectat\u0103 doar o priz\u0103 \u00een loc de 3 sau 4. Cu filet exterior de 1\/2&#8243;. Filetele de conectare fa\u021b\u0103 \u0219i spate sunt disponibile \u00een 3\/4&#8243; sau 1&#8243;. Accesoriile pentru furtunuri potrivite nu sunt incluse \u0219i trebuie achizi\u021bionate separat.<\/p>\n<p>Miezul oric\u0103rui colector este un distribuitor instalat pe partea de alimentare \u0219i un colector instalat pe partea de retur. Sunt dovedite ca seturi. Pute\u021bi alege \u00eentre kituri cu sau f\u0103r\u0103 debitmetre pe distribuitor \u0219i cu supape de control standard sau prestabilite pe colector. Debitmetrele prestabilite \u0219i supapele de control v\u0103 ajut\u0103 s\u0103 ob\u021bine\u021bi un echilibru hidraulic adecvat \u00een sistemul dumneavoastr\u0103. Actuatoarele termice de pe supapele de control permit controlul electronic al temperaturii camerei.<\/p>\n<p>Pentru a instala colectorul conform cerin\u021belor, gama este completat\u0103 de accesorii precum ventila\u021bii manuale \u0219i automate, supape de \u00eenchidere \u0219i un suport de montare.<\/p>\n<p>Componentele ofer\u0103 flexibilitate: nu toate sistemele de \u00eenc\u0103lzire prin pardoseal\u0103 au acelea\u0219i cerin\u021be. Cu componentele noastre pute\u021bi instala colectorul \u00een func\u021bie de nevoile dumneavoastr\u0103.<\/p>\n<p>Calitatea evit\u0103 problemele: Evita\u021bi orice risc de coroziune \u0219i scurgeri \u00een sistemul dumneavoastr\u0103 de \u00eenc\u0103lzire prin pardoseal\u0103 utiliz\u00e2nd numai materiale de \u00eenalt\u0103 calitate.<\/p>\n<p>Testarea minimizeaz\u0103 defec\u021biunile: Toate componentele galeriei sunt testate la presiune, temperatur\u0103 \u0219i debit pentru a asigura func\u021bionarea fiabil\u0103 a sistemului pentru anii urm\u0103tori.<\/p>","protected":false},"excerpt":{"rendered":"<p>Tip produs \u2013 Colector complect cu debitmetre Tivoli 1601<br \/>\nDomeniu de aplicare \u2013 \u00cenc\u0103lzire \u00een pardoseal\u0103, \u00eenc\u0103lzire<br \/>\nMaterial \u2013 o\u021bel inoxidabil<br \/>\nDiametru de iesire 3\/4\u2033 eurocon<br \/>\nDezaerator (120\u00b0C \/ \u2264 1010bar)<br \/>\nDebitmetre (0-5 Litri\/min)<br \/>\nFilet : \u00d8 1\u2033F<br \/>\nSupoarte (2 buc)<br \/>\nModel XF26015<\/p>\n","protected":false},"featured_media":15141,"template":"","meta":{"_joinchat":[]},"product_brand":[],"product_cat":[112],"product_tag":[],"class_list":{"0":"post-15140","1":"product","2":"type-product","3":"status-publish","4":"has-post-thumbnail","6":"product_cat-colectoare-distribuitoare","7":"pa_diametru-si-numar-circuite-o-1-la-11-cai","8":"pa_diametru-si-numar-circuite-o-1-la-12-cai","9":"pa_diametru-si-numar-circuite-o-1-la-2-cai","10":"pa_diametru-si-numar-circuite-o-1-la-3-cai","11":"pa_diametru-si-numar-circuite-o-1-la-4-cai","12":"pa_diametru-si-numar-circuite-o-1-la-5-cai","13":"pa_diametru-si-numar-circuite-o-1-la-6-cai","14":"pa_diametru-si-numar-circuite-o-1-la-7-cai","15":"pa_diametru-si-numar-circuite-o-1-la-9-cai","17":"first","18":"instock","19":"shipping-taxable","20":"product-type-variable","21":"has-default-attributes"},"_links":{"self":[{"href":"https:\/\/test.proterm.md\/ro\/wp-json\/wp\/v2\/product\/15140","targetHints":{"allow":["GET"]}}],"collection":[{"href":"https:\/\/test.proterm.md\/ro\/wp-json\/wp\/v2\/product"}],"about":[{"href":"https:\/\/test.proterm.md\/ro\/wp-json\/wp\/v2\/types\/product"}],"wp:featuredmedia":[{"embeddable":true,"href":"https:\/\/test.proterm.md\/ro\/wp-json\/wp\/v2\/media\/15141"}],"wp:attachment":[{"href":"https:\/\/test.proterm.md\/ro\/wp-json\/wp\/v2\/media?parent=15140"}],"wp:term":[{"taxonomy":"product_brand","embeddable":true,"href":"https:\/\/test.proterm.md\/ro\/wp-json\/wp\/v2\/product_brand?post=15140"},{"taxonomy":"product_cat","embeddable":true,"href":"https:\/\/test.proterm.md\/ro\/wp-json\/wp\/v2\/product_cat?post=15140"},{"taxonomy":"product_tag","embeddable":true,"href":"https:\/\/test.proterm.md\/ro\/wp-json\/wp\/v2\/product_tag?post=15140"}],"curies":[{"name":"wp","href":"https:\/\/api.w.org\/{rel}","templated":true}]}}