{"id":14978,"date":"2025-12-01T10:58:02","date_gmt":"2025-12-01T08:58:02","guid":{"rendered":"https:\/\/test.proterm.md\/?post_type=product&#038;p=14978"},"modified":"2026-01-01T10:07:44","modified_gmt":"2026-01-01T08:07:44","slug":"vana-termostatica-tivoli","status":"publish","type":"product","link":"https:\/\/test.proterm.md\/ro\/product\/vana-termostatica-tivoli\/","title":{"rendered":"Vana termostatica Tivoli"},"content":{"rendered":"<p>Vana termostatica Tivoli este \u00a0folosita pentru reglarea temperaturii lichidelor. Ele sunt folosite pentru a conlucra cu sistemele solare de \u00eenc\u0103lzire \u0219i ap\u0103 cald\u0103. Poate fi folosit pentru a limita temperatura lichidului de r\u0103cire \u00een sistemele de \u00eenc\u0103lzire prin pardoseal\u0103.<\/p>","protected":false},"excerpt":{"rendered":"<p>Vana termostatica Tivoli UC 7007<br \/>\n<span class=\"blue_align\"><span class=\"db_left\">Temperatura de functionare:<\/span><span class=\"db_right\">35-65\u00b0 C<\/span><\/span><br \/>\n<span class=\"blue_align\"><span class=\"db_left\">Presiunea de lucru:<\/span><span class=\"db_right\">3 bar.<\/span><\/span><br \/>\n<span class=\"blue_align\"><span class=\"db_left\">Presiunea maxima:<\/span><span class=\"db_right\">14 bar.<\/span><\/span><br \/>\n<span class=\"blue_align\"><span class=\"db_left\">Racordare: <\/span><span class=\"db_right\">1&#8243;M<\/span><\/span><\/p>\n","protected":false},"featured_media":14979,"template":"","meta":{"_joinchat":[]},"product_brand":[],"product_cat":[42,112],"product_tag":[2353],"class_list":{"0":"post-14978","1":"product","2":"type-product","3":"status-publish","4":"has-post-thumbnail","6":"product_cat-automatizari_elemente_de_actionare","7":"product_cat-colectoare-distribuitoare","8":"product_tag-tivoli","9":"pa_brand-tivoli","11":"first","12":"instock","13":"shipping-taxable","14":"product-type-simple"},"_links":{"self":[{"href":"https:\/\/test.proterm.md\/ro\/wp-json\/wp\/v2\/product\/14978","targetHints":{"allow":["GET"]}}],"collection":[{"href":"https:\/\/test.proterm.md\/ro\/wp-json\/wp\/v2\/product"}],"about":[{"href":"https:\/\/test.proterm.md\/ro\/wp-json\/wp\/v2\/types\/product"}],"wp:featuredmedia":[{"embeddable":true,"href":"https:\/\/test.proterm.md\/ro\/wp-json\/wp\/v2\/media\/14979"}],"wp:attachment":[{"href":"https:\/\/test.proterm.md\/ro\/wp-json\/wp\/v2\/media?parent=14978"}],"wp:term":[{"taxonomy":"product_brand","embeddable":true,"href":"https:\/\/test.proterm.md\/ro\/wp-json\/wp\/v2\/product_brand?post=14978"},{"taxonomy":"product_cat","embeddable":true,"href":"https:\/\/test.proterm.md\/ro\/wp-json\/wp\/v2\/product_cat?post=14978"},{"taxonomy":"product_tag","embeddable":true,"href":"https:\/\/test.proterm.md\/ro\/wp-json\/wp\/v2\/product_tag?post=14978"}],"curies":[{"name":"wp","href":"https:\/\/api.w.org\/{rel}","templated":true}]}}