{"id":14975,"date":"2024-04-22T15:19:15","date_gmt":"2024-04-22T13:19:15","guid":{"rendered":"https:\/\/test.proterm.md\/?post_type=product&#038;p=14975"},"modified":"2025-05-30T14:01:54","modified_gmt":"2025-05-30T12:01:54","slug":"grup-de-siguranta","status":"publish","type":"product","link":"https:\/\/test.proterm.md\/ro\/product\/grup-de-siguranta\/","title":{"rendered":"Grup de siguranta Tivoli"},"content":{"rendered":"<div class=\"wpb-content-wrapper\"><p>[vc_row][vc_column][vc_column_text text_larger=&#8221;no&#8221;]Un grup de siguran\u021b\u0103 pentru un cazan este un set de dispozitive concepute pentru a asigura func\u021bionarea f\u0103r\u0103 probleme a sistemului de \u00eenc\u0103lzire. \u00cendepline\u0219te urm\u0103toarele sarcini:<br \/>\nEliminarea excesului de aer din sistemul de \u00eenc\u0103lzire:<br \/>\nAerul din sistem poate ap\u0103rea din diverse motive, cum ar fi conectiunilor uzate, coroziunea \u00een interiorul \u021bevilor sau instalarea necorespunz\u0103toare a echipamentelor.<br \/>\nGrupul de siguran\u021b\u0103 v\u0103 permite s\u0103 elibera\u021bi automat excesul de aer.<br \/>\nProtec\u021bie \u00eempotriva cre\u0219terii critice a presiunii \u00een sistem:<br \/>\nDac\u0103 exist\u0103 o cre\u0219tere brusc\u0103 a presiunii (de exemplu, din cauza unei defec\u021biuni a automatiz\u0103rii sau a cre\u0219terii temperaturii), grupul de siguran\u021b\u0103 \u00eempiedic\u0103 explozia sistemului.<br \/>\nInclude supap\u0103 de siguran\u021b\u0103.<br \/>\nControlul \u0219i reglarea presiunii:<br \/>\nGrupul de siguran\u021b\u0103 include \u0219i un manometru care v\u0103 permite s\u0103 monitoriza\u021bi presiunea din sistem.[\/vc_column_text][\/vc_column][\/vc_row]<\/p>\n<\/div>","protected":false},"excerpt":{"rendered":"<p>&#8211; corp din alama cu conexiuni filetate<br \/>\nIntrarea principala &#8211; 1&#8243;F.<br \/>\n&#8211; dezaerator automat cu filet de 3\/8 exterior<br \/>\n&#8211; supapa de siguranta cu filet de 1\/2 de 3 bari<br \/>\n&#8211; manometru radial cu filet de 1\/4 exterior 0-6 bar<br \/>\nTemperatura maxima de lucru 90\u00b0C<br \/>\nPresiune maxima de lucru 3 bari. (UC6002)<\/p>\n","protected":false},"featured_media":14976,"template":"","meta":{"_joinchat":[]},"product_brand":[],"product_cat":[54,15,114,123,113],"product_tag":[2353],"class_list":{"0":"post-14975","1":"product","2":"type-product","3":"status-publish","4":"has-post-thumbnail","6":"product_cat-cazane_combustibil_solid","7":"product_cat-instalatii_incalzire","8":"product_cat-manometru_termometru_termomanometru","9":"product_cat-piese_de_schimb_centrale_termice","10":"product_cat-supa_sens_si_siguranta","11":"product_tag-tivoli","12":"pa_brand-tivoli","14":"first","15":"instock","16":"shipping-taxable","17":"product-type-simple"},"_links":{"self":[{"href":"https:\/\/test.proterm.md\/ro\/wp-json\/wp\/v2\/product\/14975","targetHints":{"allow":["GET"]}}],"collection":[{"href":"https:\/\/test.proterm.md\/ro\/wp-json\/wp\/v2\/product"}],"about":[{"href":"https:\/\/test.proterm.md\/ro\/wp-json\/wp\/v2\/types\/product"}],"wp:featuredmedia":[{"embeddable":true,"href":"https:\/\/test.proterm.md\/ro\/wp-json\/wp\/v2\/media\/14976"}],"wp:attachment":[{"href":"https:\/\/test.proterm.md\/ro\/wp-json\/wp\/v2\/media?parent=14975"}],"wp:term":[{"taxonomy":"product_brand","embeddable":true,"href":"https:\/\/test.proterm.md\/ro\/wp-json\/wp\/v2\/product_brand?post=14975"},{"taxonomy":"product_cat","embeddable":true,"href":"https:\/\/test.proterm.md\/ro\/wp-json\/wp\/v2\/product_cat?post=14975"},{"taxonomy":"product_tag","embeddable":true,"href":"https:\/\/test.proterm.md\/ro\/wp-json\/wp\/v2\/product_tag?post=14975"}],"curies":[{"name":"wp","href":"https:\/\/api.w.org\/{rel}","templated":true}]}}