{"id":14969,"date":"2024-04-20T08:18:32","date_gmt":"2024-04-20T06:18:32","guid":{"rendered":"https:\/\/test.proterm.md\/?post_type=product&#038;p=14969"},"modified":"2025-05-30T14:01:54","modified_gmt":"2025-05-30T12:01:54","slug":"termomanometru-radial","status":"publish","type":"product","link":"https:\/\/test.proterm.md\/ro\/product\/termomanometru-radial\/","title":{"rendered":"Termomanometru 1\/2&#8243;  0-16 bar,0-120 \u00b0C"},"content":{"rendered":"<p>Termomanometru radial este instrument de m\u0103surare care m\u0103soar\u0103 temperatura \u0219i excesul de presiune \u00een sistemele de \u00eenc\u0103lzire, alimentare cu ap\u0103 sau boilere. Acestea v\u0103 permit s\u0103 m\u0103sura\u021bi temperatura \u0219i presiunea simultan. Termomanometrele termice sunt utilizate \u00een sistemele de \u00eenc\u0103lzire, alimentarea cu ap\u0103 \u0219i alte sisteme tehnice. Astfel de dispozitive ajut\u0103 la monitorizarea parametrilor de mediu \u0219i asigur\u0103 func\u021bionarea fiabil\u0103 a sistemelor.<\/p>","protected":false},"excerpt":{"rendered":"<p>Cod UC9010<br \/>\n&#8211; Presiune: 0\u00f712 bar<br \/>\n&#8211; Temperatura: 0\u00f7120 \u00b0C<br \/>\n&#8211; \u00d8 carcasa: 80 mm<br \/>\n&#8211; Cuplaj tat\u0103 1\/4\u201d complet cu supap\u0103 de re\u021binere 1\/2\u201d M.<br \/>\nConectiune &#8211; de jos<br \/>\nTara de origine &#8211; Italia<\/p>\n","protected":false},"featured_media":14970,"template":"","meta":{"_joinchat":[]},"product_brand":[],"product_cat":[114,71],"product_tag":[],"class_list":{"0":"post-14969","1":"product","2":"type-product","3":"status-publish","4":"has-post-thumbnail","6":"product_cat-manometru_termometru_termomanometru","7":"product_cat-robineti_racorduri","8":"pa_filet-1-2","9":"pa_thread-type-outside","11":"first","12":"instock","13":"shipping-taxable","14":"product-type-simple"},"_links":{"self":[{"href":"https:\/\/test.proterm.md\/ro\/wp-json\/wp\/v2\/product\/14969","targetHints":{"allow":["GET"]}}],"collection":[{"href":"https:\/\/test.proterm.md\/ro\/wp-json\/wp\/v2\/product"}],"about":[{"href":"https:\/\/test.proterm.md\/ro\/wp-json\/wp\/v2\/types\/product"}],"wp:featuredmedia":[{"embeddable":true,"href":"https:\/\/test.proterm.md\/ro\/wp-json\/wp\/v2\/media\/14970"}],"wp:attachment":[{"href":"https:\/\/test.proterm.md\/ro\/wp-json\/wp\/v2\/media?parent=14969"}],"wp:term":[{"taxonomy":"product_brand","embeddable":true,"href":"https:\/\/test.proterm.md\/ro\/wp-json\/wp\/v2\/product_brand?post=14969"},{"taxonomy":"product_cat","embeddable":true,"href":"https:\/\/test.proterm.md\/ro\/wp-json\/wp\/v2\/product_cat?post=14969"},{"taxonomy":"product_tag","embeddable":true,"href":"https:\/\/test.proterm.md\/ro\/wp-json\/wp\/v2\/product_tag?post=14969"}],"curies":[{"name":"wp","href":"https:\/\/api.w.org\/{rel}","templated":true}]}}