{"id":14910,"date":"2024-03-20T10:23:45","date_gmt":"2024-03-20T08:23:45","guid":{"rendered":"https:\/\/test.proterm.md\/?post_type=product&#038;p=14910"},"modified":"2025-05-30T14:01:55","modified_gmt":"2025-05-30T12:01:55","slug":"capac-decorativ-din-inox","status":"publish","type":"product","link":"https:\/\/test.proterm.md\/ro\/product\/capac-decorativ-din-inox\/","title":{"rendered":"Capac decorativ din inox"},"content":{"rendered":"<p>Acest capac nu numai c\u0103 ascunde \u021bevile pentru un aspect mai finisat \u0219i mai ordonat, dar serve\u0219te \u0219i ca protec\u021bie \u00eempotriva prafului \u0219i murd\u0103riei, f\u0103c\u00e2ndu-l o solu\u021bie ideal\u0103 pentru aplica\u021bii casnice \u0219i comerciale. \u00cen plus, instalarea unei astfel de huse nu necesit\u0103 abilit\u0103\u021bi sau instrumente speciale datorit\u0103 designului s\u0103u simplu \u0219i convenabil, ceea ce face ca procesul de instalare s\u0103 fie rapid \u0219i u\u0219or.<\/p>","protected":false},"excerpt":{"rendered":"<p>Diametru \u00d8 10-22 mm<br \/>\nMaterial &#8211; inox<br \/>\nImportator &#8211; ProTerm Grup, R. M, or. Chisinau, str. Nadejda Russo, 2\/4, MD2024<\/p>\n","protected":false},"featured_media":14911,"template":"","meta":{"_joinchat":[]},"product_brand":[],"product_cat":[714,72],"product_tag":[],"class_list":{"0":"post-14910","1":"product","2":"type-product","3":"status-publish","4":"has-post-thumbnail","6":"product_cat-robineti_lavuar_masina-de-spalat","7":"product_cat-robineti_radiatoare","9":"first","10":"instock","11":"shipping-taxable","12":"product-type-simple"},"_links":{"self":[{"href":"https:\/\/test.proterm.md\/ro\/wp-json\/wp\/v2\/product\/14910","targetHints":{"allow":["GET"]}}],"collection":[{"href":"https:\/\/test.proterm.md\/ro\/wp-json\/wp\/v2\/product"}],"about":[{"href":"https:\/\/test.proterm.md\/ro\/wp-json\/wp\/v2\/types\/product"}],"wp:featuredmedia":[{"embeddable":true,"href":"https:\/\/test.proterm.md\/ro\/wp-json\/wp\/v2\/media\/14911"}],"wp:attachment":[{"href":"https:\/\/test.proterm.md\/ro\/wp-json\/wp\/v2\/media?parent=14910"}],"wp:term":[{"taxonomy":"product_brand","embeddable":true,"href":"https:\/\/test.proterm.md\/ro\/wp-json\/wp\/v2\/product_brand?post=14910"},{"taxonomy":"product_cat","embeddable":true,"href":"https:\/\/test.proterm.md\/ro\/wp-json\/wp\/v2\/product_cat?post=14910"},{"taxonomy":"product_tag","embeddable":true,"href":"https:\/\/test.proterm.md\/ro\/wp-json\/wp\/v2\/product_tag?post=14910"}],"curies":[{"name":"wp","href":"https:\/\/api.w.org\/{rel}","templated":true}]}}