{"id":14445,"date":"2024-01-22T16:56:10","date_gmt":"2024-01-22T14:56:10","guid":{"rendered":"https:\/\/test.proterm.md\/?post_type=product&#038;p=14445"},"modified":"2025-05-30T14:03:05","modified_gmt":"2025-05-30T12:03:05","slug":"termostat-tp201whp-wifi","status":"publish","type":"product","link":"https:\/\/test.proterm.md\/ro\/product\/termostat-tp201whp-wifi\/","title":{"rendered":"Termostat  TP201WHP WIFI cu sensor temperatura"},"content":{"rendered":"<p>Termostat de \u00eenc\u0103lzire inteligent programabil seria TP201<br \/>\nAceast\u0103 serie de termostate a fost conceput\u0103 pentru a controla sistemele electrice de \u00eenc\u0103lzire prin pardoseal\u0103, \u00eenc\u0103lzirea apei sau centralei pe gaz. Toate termostatele respect\u0103 standardele CE \u0219i Rohs.<\/p>","protected":false},"excerpt":{"rendered":"<p>Control termostat cu ajutorul telefonului din orice colt al lumii<\/p>\n<p><strong>Date tehnice<\/strong><br \/>\nSenzor: NTC 10K 3977 (valoarea senzorului ODM acceptabil\u0103)<br \/>\nPrecizie: \u00b1 1 \u2103 (precizia ODM acceptabil\u0103)<br \/>\nConsum de energie: &lt; 1,5 W<br \/>\nEroare de sincronizare: &lt;1%<br \/>\nSursa de alimentare: 95 ~ 240VAC, 50 ~ 60Hz<br \/>\nSarcin\u0103 curent\u0103: 5A (\u00eenc\u0103lzire ap\u0103, cazan ap\u0103\/gaz), \u00eenc\u0103lzire electric\u0103 16A<br \/>\nMaterial carcas\u0103: PC+ABS (ignifug)<br \/>\nDimensiune: 86x86x14mm<br \/>\nTemperatura ambiental\u0103: 0-45\u2103, 5-95\uff05RH (f\u0103r\u0103 condensare)<br \/>\nTemperatura de depozitare: -5-55\u2103<\/p>\n<p><strong>Caracteristici<\/strong><br \/>\n\u25c6 Instalare simpl\u0103<br \/>\n\u25c6Plac\u0103 frontal\u0103 acrilic\u0103<br \/>\n\u25c6Ecran mare, iluminat din spate<br \/>\n\u25c6Design elegant, contemporan<br \/>\n\u25c6Cadru cromat elegant<br \/>\n\u25c6 Panou de control tactil Feather<br \/>\n\u25c65+1+1 programare cu \u0219ase perioade pe zi<br \/>\n\u25c6Dep\u0103\u0219ire simpl\u0103, cu o singur\u0103 atingere, pentru controlul temperaturii.<br \/>\n\u25c6 Temperaturi prestabilite men\u021binute \u00een +\/- 1\u00b0C<br \/>\n\u25c6Senzorii interni \u0219i externi permit controlul temperaturii aerului \u0219i\/sau podelei<br \/>\n\u25c6Cutie potrivit\u0103 de 86 \u0219i cutie rotund\u0103 european\u0103 de 60 mm<br \/>\n\u25c6 Comunicare WIFI\/ZIGBEE\/MODBUS op\u021bional\u0103<\/p>\n<p><a href=\"https:\/\/test.proterm.md\/wp-content\/uploads\/2024\/01\/TP201-WIFI-manual-20222-7-19.pdf\" target=\"_blank\" rel=\"noopener\"><img decoding=\"async\" class=\"alignnone wp-image-7559\" src=\"https:\/\/test.proterm.md\/wp-content\/uploads\/2021\/12\/icopdf-min-300x300.png\" alt=\"\" width=\"34\" height=\"34\" srcset=\"https:\/\/test.proterm.md\/wp-content\/uploads\/2021\/12\/icopdf-min-300x300.png 300w, https:\/\/test.proterm.md\/wp-content\/uploads\/2021\/12\/icopdf-min-150x150.png 150w, https:\/\/test.proterm.md\/wp-content\/uploads\/2021\/12\/icopdf-min-250x250.png 250w, https:\/\/test.proterm.md\/wp-content\/uploads\/2021\/12\/icopdf-min-450x450.png 450w, https:\/\/test.proterm.md\/wp-content\/uploads\/2021\/12\/icopdf-min-500x500.png 500w, https:\/\/test.proterm.md\/wp-content\/uploads\/2021\/12\/icopdf-min-100x100.png 100w, https:\/\/test.proterm.md\/wp-content\/uploads\/2021\/12\/icopdf-min.png 512w\" sizes=\"(max-width: 34px) 100vw, 34px\" \/>\u0421onectare termostat<\/a><\/p>\n","protected":false},"featured_media":14446,"template":"","meta":{"_joinchat":[]},"product_brand":[],"product_cat":[42,2221],"product_tag":[1557],"class_list":{"0":"post-14445","1":"product","2":"type-product","3":"status-publish","4":"has-post-thumbnail","6":"product_cat-automatizari_elemente_de_actionare","7":"product_cat-thermostat","8":"product_tag-toupwell","9":"pa_brand-toupwell","10":"pa_color-black","11":"pa_color-white","13":"first","14":"instock","15":"shipping-taxable","16":"product-type-simple"},"_links":{"self":[{"href":"https:\/\/test.proterm.md\/ro\/wp-json\/wp\/v2\/product\/14445","targetHints":{"allow":["GET"]}}],"collection":[{"href":"https:\/\/test.proterm.md\/ro\/wp-json\/wp\/v2\/product"}],"about":[{"href":"https:\/\/test.proterm.md\/ro\/wp-json\/wp\/v2\/types\/product"}],"wp:featuredmedia":[{"embeddable":true,"href":"https:\/\/test.proterm.md\/ro\/wp-json\/wp\/v2\/media\/14446"}],"wp:attachment":[{"href":"https:\/\/test.proterm.md\/ro\/wp-json\/wp\/v2\/media?parent=14445"}],"wp:term":[{"taxonomy":"product_brand","embeddable":true,"href":"https:\/\/test.proterm.md\/ro\/wp-json\/wp\/v2\/product_brand?post=14445"},{"taxonomy":"product_cat","embeddable":true,"href":"https:\/\/test.proterm.md\/ro\/wp-json\/wp\/v2\/product_cat?post=14445"},{"taxonomy":"product_tag","embeddable":true,"href":"https:\/\/test.proterm.md\/ro\/wp-json\/wp\/v2\/product_tag?post=14445"}],"curies":[{"name":"wp","href":"https:\/\/api.w.org\/{rel}","templated":true}]}}