{"id":14431,"date":"2025-12-01T10:58:03","date_gmt":"2025-12-01T08:58:03","guid":{"rendered":"https:\/\/test.proterm.md\/?post_type=product&#038;p=14431"},"modified":"2026-01-01T10:07:44","modified_gmt":"2026-01-01T08:07:44","slug":"termostat-wi-fi-tp708rfw","status":"publish","type":"product","link":"https:\/\/test.proterm.md\/ro\/product\/termostat-wi-fi-tp708rfw\/","title":{"rendered":"Termostat Wi-Fi TP708RFW"},"content":{"rendered":"<p>Termostat de camer\u0103 WI-FI TP708RFW<\/p>\n<p>TP708RFW este cel mai recent termostat tactil wireless. Poate \u00eenlocui cele mai obi\u0219nuite termostate de uz casnic \u0219i este conceput pentru a controla \u00eenc\u0103lzirea electric\u0103, pe gaz \u0219i cu ulei.<br \/>\nSpre deosebire de termostatele conven\u021bionale cu un singur bloc, acest aparat este un nou tip de termostat \u00een care func\u021bia termostatului este \u00eemp\u0103r\u021bit\u0103 \u00een dou\u0103 blocuri. Receptor \u0219i centru de control. Distanta mai mare de 150 m.<br \/>\nPoate fi folosit \u00een exterior pentru controlul cazanelor, actuatoarelor termice, supapelor electrice, grupului de colectoare etc.<\/p>\n<p><img decoding=\"async\" class=\"alignnone wp-image-14438\" src=\"https:\/\/test.proterm.md\/wp-content\/uploads\/2024\/01\/tp708-mod-5-500x500-px-65ae610732ade.webp\" alt=\"\" width=\"344\" height=\"344\" srcset=\"https:\/\/test.proterm.md\/wp-content\/uploads\/2024\/01\/tp708-mod-5-500x500-px-65ae610732ade.webp 500w, https:\/\/test.proterm.md\/wp-content\/uploads\/2024\/01\/tp708-mod-5-500x500-px-65ae610732ade-150x150.webp 150w, https:\/\/test.proterm.md\/wp-content\/uploads\/2024\/01\/tp708-mod-5-500x500-px-65ae610732ade-300x300.webp 300w, https:\/\/test.proterm.md\/wp-content\/uploads\/2024\/01\/tp708-mod-5-500x500-px-65ae610732ade-100x100.webp 100w\" sizes=\"(max-width: 344px) 100vw, 344px\" \/><img decoding=\"async\" class=\"alignnone wp-image-14440\" src=\"https:\/\/test.proterm.md\/wp-content\/uploads\/2024\/01\/Toupwell-butoane.webp\" alt=\"\" width=\"699\" height=\"375\" srcset=\"https:\/\/test.proterm.md\/wp-content\/uploads\/2024\/01\/Toupwell-butoane.webp 2000w, https:\/\/test.proterm.md\/wp-content\/uploads\/2024\/01\/Toupwell-butoane-768x412.webp 768w, https:\/\/test.proterm.md\/wp-content\/uploads\/2024\/01\/Toupwell-butoane-1536x824.webp 1536w, https:\/\/test.proterm.md\/wp-content\/uploads\/2024\/01\/Toupwell-butoane-500x268.webp 500w\" sizes=\"(max-width: 699px) 100vw, 699px\" \/><\/p>","protected":false},"excerpt":{"rendered":"<p><strong>Date tehnice<\/strong><br \/>\n\u25baSursa de alimentare: 4 baterii AAA<br \/>\n\u25baBand\u0103 de frecven\u021b\u0103: 868MHZ<br \/>\n\u25baContact releu:3A pentru incalzirea apei\/incalzire cu gaz si 16A pentru incalzirea electrica<br \/>\n\u25baInterval de setare a temperaturii camerei: 5\u2103-35\u2103<br \/>\n\u25baInterval de temperatur\u0103 a mediului de lucru: 0\u2103-50\u2103<br \/>\n\u25baInterval de temperatur\u0103 de depozitare: -10\u2103-60\u2103<br \/>\n\u25baPrecizie: 0,5\u2103<br \/>\n\u25baDimensiunea centrului de control\/receptorului: 132mm*90mm*24.3mm<br \/>\n\u25ba Instalare: montare pe perete sau desktop<\/p>\n<p><strong>Caracteristici<\/strong><br \/>\n\u25baAfi\u0219area temperaturii in Grade Celsius (\u00b0C) , temperatura actuala si temperatura setata<br \/>\n\u25baPerioada de programare: 5+1+1, 6 perioade separate pe zi.<br \/>\n\u25ba Control WIFI APP cu IOS&amp;Andriod (Tuya sau Smart Life)<br \/>\n\u25baProtec\u021bie anti-\u00eenghe\u021b Caracteristici ale termostatului dumneavoastr\u0103<br \/>\n\u25baEcranul mare VA cu lumin\u0103 de fundal este u\u0219or de citit, chiar \u0219i \u00een \u00eentuneric.<br \/>\n\u25baDesign modern asem\u0103n\u0103tor unui telefon mobil.<br \/>\n\u25baLentile acrilice pentru a evita zg\u00e2rierea degetelor.<br \/>\n\u25baButonul tactil faciliteaz\u0103 operarea.<br \/>\n\u25baControlul precis al confortului men\u021bine temperatura la 0,5-1\u00b0C fa\u021b\u0103 de nivelul setat.<br \/>\n\u25baMemorie de date c\u00e2nd\u00a0 este oprit\u0103 alimentarea.<\/p>\n<p><img decoding=\"async\" class=\"alignnone wp-image-7559\" src=\"https:\/\/test.proterm.md\/wp-content\/uploads\/2021\/12\/icopdf-min-250x250.png\" alt=\"\" width=\"32\" height=\"32\" srcset=\"https:\/\/test.proterm.md\/wp-content\/uploads\/2021\/12\/icopdf-min-250x250.png 250w, https:\/\/test.proterm.md\/wp-content\/uploads\/2021\/12\/icopdf-min-150x150.png 150w, https:\/\/test.proterm.md\/wp-content\/uploads\/2021\/12\/icopdf-min-450x450.png 450w, https:\/\/test.proterm.md\/wp-content\/uploads\/2021\/12\/icopdf-min-300x300.png 300w, https:\/\/test.proterm.md\/wp-content\/uploads\/2021\/12\/icopdf-min-500x500.png 500w, https:\/\/test.proterm.md\/wp-content\/uploads\/2021\/12\/icopdf-min-100x100.png 100w, https:\/\/test.proterm.md\/wp-content\/uploads\/2021\/12\/icopdf-min.png 512w\" sizes=\"(max-width: 32px) 100vw, 32px\" \/><a href=\"https:\/\/test.proterm.md\/wp-content\/uploads\/2024\/01\/TP708WIFI-WIRELESS-THERMOSTAT.pdf\" target=\"_blank\" rel=\"noopener\">Instructiuni<\/a><\/p>\n","protected":false},"featured_media":14432,"template":"","meta":{"_joinchat":[]},"product_brand":[],"product_cat":[42,2221],"product_tag":[1557],"class_list":{"0":"post-14431","1":"product","2":"type-product","3":"status-publish","4":"has-post-thumbnail","6":"product_cat-automatizari_elemente_de_actionare","7":"product_cat-thermostat","8":"product_tag-toupwell","9":"pa_brand-toupwell","10":"pa_color-white","12":"first","13":"instock","14":"shipping-taxable","15":"product-type-simple"},"_links":{"self":[{"href":"https:\/\/test.proterm.md\/ro\/wp-json\/wp\/v2\/product\/14431","targetHints":{"allow":["GET"]}}],"collection":[{"href":"https:\/\/test.proterm.md\/ro\/wp-json\/wp\/v2\/product"}],"about":[{"href":"https:\/\/test.proterm.md\/ro\/wp-json\/wp\/v2\/types\/product"}],"wp:featuredmedia":[{"embeddable":true,"href":"https:\/\/test.proterm.md\/ro\/wp-json\/wp\/v2\/media\/14432"}],"wp:attachment":[{"href":"https:\/\/test.proterm.md\/ro\/wp-json\/wp\/v2\/media?parent=14431"}],"wp:term":[{"taxonomy":"product_brand","embeddable":true,"href":"https:\/\/test.proterm.md\/ro\/wp-json\/wp\/v2\/product_brand?post=14431"},{"taxonomy":"product_cat","embeddable":true,"href":"https:\/\/test.proterm.md\/ro\/wp-json\/wp\/v2\/product_cat?post=14431"},{"taxonomy":"product_tag","embeddable":true,"href":"https:\/\/test.proterm.md\/ro\/wp-json\/wp\/v2\/product_tag?post=14431"}],"curies":[{"name":"wp","href":"https:\/\/api.w.org\/{rel}","templated":true}]}}