{"id":14421,"date":"2024-01-22T09:44:41","date_gmt":"2024-01-22T07:44:41","guid":{"rendered":"https:\/\/test.proterm.md\/?post_type=product&#038;p=14421"},"modified":"2025-05-30T14:03:05","modified_gmt":"2025-05-30T12:03:05","slug":"vana-cu-servomotor-3-cai-1ff","status":"publish","type":"product","link":"https:\/\/test.proterm.md\/ro\/product\/vana-cu-servomotor-3-cai-1ff\/","title":{"rendered":"Vana cu servomotor 3 cai 1&#8243;F"},"content":{"rendered":"<p>Compania ofer\u0103\u00a0 produsele si serviciile sale \u00eentr-un sortiment larg\u00a0 \u0219i \u00een conformitate\u00a0 cu preferin\u021bele\u00a0 consumatorilor, ceea ce, speram, va permite companiei s\u0103 fie competitiv\u0103 pe pia\u021ba si sa reac\u021bioneze la orice solicitare. +373 60 79 70 79<\/p>","protected":false},"excerpt":{"rendered":"<p>1. Consum de energie: 6,5 W (numai \u00een timpul procesului ON-OFF)<br \/>\n2. Presiunea supapei: 1.6Mpa<br \/>\n3. C\u0103dere de presiune admis\u0103: 0,6 MPa<br \/>\n4. Mediu potrivit: ap\u0103 rece, ap\u0103 cald\u0103<br \/>\n5. Timp de deschidere \u0219i \u00eenchidere: 13 secunde pentru deschidere, 7 secunde pentru \u00eenchidere<br \/>\n6. Valoarea Kv &#8211; 6,5 (7,5)<br \/>\nKv este debitul de ap\u0103 prin supap\u0103 la o temperatur\u0103 de 5 &#8211; 30\u00b0C prin supap\u0103, \u00een m\u00b3\/or\u0103, cu o c\u0103dere de presiune pe supap\u0103 de 1 bar<br \/>\n7.Presiune de \u00eenchidere &#8211; 0,14 MPa<br \/>\n8. Mediu &#8211; ap\u0103 cald\u0103 rece<br \/>\n9.Alimentare &#8211; 220V 50\/60Hz.<br \/>\n10.Tip &#8211; electrovalv\u0103 cu trei c\u0103i cu dou\u0103 pozi\u021bii<br \/>\n11.Certificat &#8211; CE, Rohs<br \/>\n12.Material carcasa &#8211; alama 59-1.<br \/>\n13. Temperatura medie aplicabil\u0103: 5\u2103~90\u2103<br \/>\n14. Temperatura ambiental\u0103 aplicabil\u0103: 5\u2103~40\u2103.<br \/>\n15. Diametru 1&#8243;F<\/p>\n<p><a href=\"https:\/\/test.proterm.md\/wp-content\/uploads\/2024\/01\/Vana-cu-3-cai-TP20325.pdf\" target=\"_blank\" rel=\"noopener\" data-wp-editing=\"1\"><img decoding=\"async\" class=\"alignnone wp-image-7559\" src=\"https:\/\/test.proterm.md\/wp-content\/uploads\/2021\/12\/icopdf-min-300x300.png\" alt=\"\" width=\"40\" height=\"40\" srcset=\"https:\/\/test.proterm.md\/wp-content\/uploads\/2021\/12\/icopdf-min-300x300.png 300w, https:\/\/test.proterm.md\/wp-content\/uploads\/2021\/12\/icopdf-min-150x150.png 150w, https:\/\/test.proterm.md\/wp-content\/uploads\/2021\/12\/icopdf-min-250x250.png 250w, https:\/\/test.proterm.md\/wp-content\/uploads\/2021\/12\/icopdf-min-450x450.png 450w, https:\/\/test.proterm.md\/wp-content\/uploads\/2021\/12\/icopdf-min-500x500.png 500w, https:\/\/test.proterm.md\/wp-content\/uploads\/2021\/12\/icopdf-min-100x100.png 100w, https:\/\/test.proterm.md\/wp-content\/uploads\/2021\/12\/icopdf-min.png 512w\" sizes=\"(max-width: 40px) 100vw, 40px\" \/>Instructiuni<\/a><\/p>\n","protected":false},"featured_media":14423,"template":"","meta":{"_joinchat":[]},"product_brand":[],"product_cat":[42],"product_tag":[1557],"class_list":{"0":"post-14421","1":"product","2":"type-product","3":"status-publish","4":"has-post-thumbnail","6":"product_cat-automatizari_elemente_de_actionare","7":"product_tag-toupwell","8":"pa_brand-toupwell","9":"pa_diametru-510","10":"pa_for-what-water-hot-water","11":"pa_for-what-water-cold-water","12":"pa_thread-type-inside","14":"first","15":"instock","16":"shipping-taxable","17":"product-type-simple"},"_links":{"self":[{"href":"https:\/\/test.proterm.md\/ro\/wp-json\/wp\/v2\/product\/14421","targetHints":{"allow":["GET"]}}],"collection":[{"href":"https:\/\/test.proterm.md\/ro\/wp-json\/wp\/v2\/product"}],"about":[{"href":"https:\/\/test.proterm.md\/ro\/wp-json\/wp\/v2\/types\/product"}],"wp:featuredmedia":[{"embeddable":true,"href":"https:\/\/test.proterm.md\/ro\/wp-json\/wp\/v2\/media\/14423"}],"wp:attachment":[{"href":"https:\/\/test.proterm.md\/ro\/wp-json\/wp\/v2\/media?parent=14421"}],"wp:term":[{"taxonomy":"product_brand","embeddable":true,"href":"https:\/\/test.proterm.md\/ro\/wp-json\/wp\/v2\/product_brand?post=14421"},{"taxonomy":"product_cat","embeddable":true,"href":"https:\/\/test.proterm.md\/ro\/wp-json\/wp\/v2\/product_cat?post=14421"},{"taxonomy":"product_tag","embeddable":true,"href":"https:\/\/test.proterm.md\/ro\/wp-json\/wp\/v2\/product_tag?post=14421"}],"curies":[{"name":"wp","href":"https:\/\/api.w.org\/{rel}","templated":true}]}}