{"id":14376,"date":"2024-01-16T15:45:53","date_gmt":"2024-01-16T13:45:53","guid":{"rendered":"https:\/\/test.proterm.md\/?post_type=product&#038;p=14376"},"modified":"2025-05-30T14:03:06","modified_gmt":"2025-05-30T12:03:06","slug":"vas-expansiune-60l","status":"publish","type":"product","link":"https:\/\/test.proterm.md\/ro\/product\/vas-expansiune-60l\/","title":{"rendered":"Vas expansiune 60L"},"content":{"rendered":"<p>Vase de expansiune sunt proiectate pentru utilizare \u00een sisteme de alimentare cu ap\u0103\/\u00eenc\u0103lzire\/r\u0103cire\/instala\u021bii de men\u021binere a presiunii\/de alimentare cu ap\u0103 \u0219i sta\u021bii de stingere a incendiilor\/sisteme solare.<\/p>","protected":false},"excerpt":{"rendered":"<p>Temperatura de functionare de la -10C\u00b0 la +99C\u00b0<br \/>\nPresiune prestabilit\u0103 &#8211; 2 bar<br \/>\nPresiune maxima &#8211; 10 bar<br \/>\nLatime, mm: 370<br \/>\n\u00cen\u0103l\u021bime, mm: 740<br \/>\nDiametrul filetului &#8211; 1&#8243;M<br \/>\nCuloarea &#8211; rosie<br \/>\nDomeniu de utilizare: pentru sisteme de alimentare cu ap\u0103 \u0219i c\u0103ldur\u0103<br \/>\nTip &#8211; pe podea<br \/>\nMaterial flansa &#8211; otel galvanizat<br \/>\nGreutate net\u0103 &#8211; 9,00 kg<br \/>\nForma &#8211; cilindric\u0103<\/p>\n<h6>Not\u0103 &#8211; Presiunea aerului din rezervor trebuie verificat\u0103 la fiecare 3 luni de c\u0103tre un centru de service autorizat.<\/h6>\n","protected":false},"featured_media":14373,"template":"","meta":{"_joinchat":[]},"product_brand":[],"product_cat":[60],"product_tag":[2239],"class_list":{"0":"post-14376","1":"product","2":"type-product","3":"status-publish","4":"has-post-thumbnail","6":"product_cat-vas_expansiune","7":"product_tag-cruwa-by-oren","8":"pa_brand-cruwa-by-oren","9":"pa_expansion-tank-volume-401","10":"pa_filet-443","12":"first","13":"instock","14":"shipping-taxable","15":"product-type-simple"},"_links":{"self":[{"href":"https:\/\/test.proterm.md\/ro\/wp-json\/wp\/v2\/product\/14376","targetHints":{"allow":["GET"]}}],"collection":[{"href":"https:\/\/test.proterm.md\/ro\/wp-json\/wp\/v2\/product"}],"about":[{"href":"https:\/\/test.proterm.md\/ro\/wp-json\/wp\/v2\/types\/product"}],"wp:featuredmedia":[{"embeddable":true,"href":"https:\/\/test.proterm.md\/ro\/wp-json\/wp\/v2\/media\/14373"}],"wp:attachment":[{"href":"https:\/\/test.proterm.md\/ro\/wp-json\/wp\/v2\/media?parent=14376"}],"wp:term":[{"taxonomy":"product_brand","embeddable":true,"href":"https:\/\/test.proterm.md\/ro\/wp-json\/wp\/v2\/product_brand?post=14376"},{"taxonomy":"product_cat","embeddable":true,"href":"https:\/\/test.proterm.md\/ro\/wp-json\/wp\/v2\/product_cat?post=14376"},{"taxonomy":"product_tag","embeddable":true,"href":"https:\/\/test.proterm.md\/ro\/wp-json\/wp\/v2\/product_tag?post=14376"}],"curies":[{"name":"wp","href":"https:\/\/api.w.org\/{rel}","templated":true}]}}