{"id":14282,"date":"2023-12-13T16:19:07","date_gmt":"2023-12-13T14:19:07","guid":{"rendered":"https:\/\/test.proterm.md\/?post_type=product&#038;p=14282"},"modified":"2025-05-30T14:03:23","modified_gmt":"2025-05-30T12:03:23","slug":"pasta-verde","status":"publish","type":"product","link":"https:\/\/test.proterm.md\/ro\/product\/pasta-verde\/","title":{"rendered":"Pasta verde"},"content":{"rendered":"<p>Se utilizeaz\u0103 la utilizarea inului sanitar (canepei) pentru etan\u0219area fiabil\u0103 a conexiunilor filetate \u00een sistemele de alimentare cu ap\u0103 cald\u0103 \u0219i rece, sistemele de gaz \u0219i aer.<\/p>","protected":false},"excerpt":{"rendered":"<p>Rezistenta la temperatura: de la -25\u00b0C p\u00e2n\u0103 la +135\u00b0C.<br \/>\nPentru etansarea imbinarilor metalice filetate precum si pentru apa (instalatii de incalzire centralizata) si sisteme de aer comprimat.<br \/>\nVolum &#8211; 460gr.<br \/>\nTara &#8211; Italia<\/p>\n","protected":false},"featured_media":14283,"template":"","meta":{"_joinchat":[]},"product_brand":[],"product_cat":[681],"product_tag":[675],"class_list":{"0":"post-14282","1":"product","2":"type-product","3":"status-publish","4":"has-post-thumbnail","6":"product_cat-solutii_antiinghet_antigel","7":"product_tag-remer-brend","8":"pa_brand-remer-logo","10":"first","11":"instock","12":"shipping-taxable","13":"product-type-simple"},"_links":{"self":[{"href":"https:\/\/test.proterm.md\/ro\/wp-json\/wp\/v2\/product\/14282","targetHints":{"allow":["GET"]}}],"collection":[{"href":"https:\/\/test.proterm.md\/ro\/wp-json\/wp\/v2\/product"}],"about":[{"href":"https:\/\/test.proterm.md\/ro\/wp-json\/wp\/v2\/types\/product"}],"wp:featuredmedia":[{"embeddable":true,"href":"https:\/\/test.proterm.md\/ro\/wp-json\/wp\/v2\/media\/14283"}],"wp:attachment":[{"href":"https:\/\/test.proterm.md\/ro\/wp-json\/wp\/v2\/media?parent=14282"}],"wp:term":[{"taxonomy":"product_brand","embeddable":true,"href":"https:\/\/test.proterm.md\/ro\/wp-json\/wp\/v2\/product_brand?post=14282"},{"taxonomy":"product_cat","embeddable":true,"href":"https:\/\/test.proterm.md\/ro\/wp-json\/wp\/v2\/product_cat?post=14282"},{"taxonomy":"product_tag","embeddable":true,"href":"https:\/\/test.proterm.md\/ro\/wp-json\/wp\/v2\/product_tag?post=14282"}],"curies":[{"name":"wp","href":"https:\/\/api.w.org\/{rel}","templated":true}]}}