{"id":14271,"date":"2023-11-14T10:00:25","date_gmt":"2023-11-14T08:00:25","guid":{"rendered":"https:\/\/test.proterm.md\/?post_type=product&#038;p=14271"},"modified":"2025-05-30T14:03:23","modified_gmt":"2025-05-30T12:03:23","slug":"wilo-para-25-7-130mm","status":"publish","type":"product","link":"https:\/\/test.proterm.md\/ro\/product\/wilo-para-25-7-130mm\/","title":{"rendered":"Pompa de circulatie WILO Para 25\/7-130mm"},"content":{"rendered":"<div class=\"wpb-content-wrapper\"><p>[vc_row][vc_column][vc_column_text css_animation=&#8221;none&#8221; text_larger=&#8221;no&#8221;]Seria de circulatoare de \u00eenalt\u0103 eficien\u021b\u0103 Wilo-Para este dedicat\u0103 aplica\u021biilor de \u00eenc\u0103lzire \u0219i aer condi\u021bionat.<br \/>\nDesignul s\u0103u compact \u0219i set\u0103rile standard predefinite fac punerea \u00een func\u021biune \u0219i configurarea foarte u\u0219oare.<br \/>\nCirculatoarele pot fi fie autocontrolate (Dp-v, Dp-c, n-constant) fie controlate extern prin interfa\u021ba iPWM sau LIN Bus.<br \/>\nWilo-Para este compact \u0219i ofer\u0103 o gam\u0103 larg\u0103 de carcase de pompe \u0219i op\u021biuni. Acest lucru permite o flexibilitate foarte mare de integrare.<\/p>\n<p>Seria Wilo-Para, \u00een special cu modul s\u0103u de control LIN, permite multe oportunit\u0103\u021bi de dezvoltare \u00een domeniul func\u021bionalit\u0103\u021bilor inteligente. Aceast\u0103 nou\u0103 genera\u021bie de circulatoare este dedicat\u0103 pentru a v\u0103 face via\u021ba mai u\u0219oar\u0103.[\/vc_column_text][\/vc_column][\/vc_row]<\/p>\n<\/div>","protected":false},"excerpt":{"rendered":"<p>\u00cen\u0103l\u021bimea de ridicare: 7 m<br \/>\nConexiune: 25<br \/>\nLungime instalare: 130 mm<br \/>\nConsum de energie: pana la 50W<br \/>\nTipul rotorului: umed<br \/>\nMaterial caroserie: Font\u0103 gri (EN-GJL-200)<br \/>\nTemperatura lichidului: -20 p\u00e2n\u0103 la +110 \u00b0 C<br \/>\nProtec\u021bie \u00eempotriva cursei uscate: Da<br \/>\nCalitatea apei: pur\u0103<br \/>\nClasa de protec\u021bie: IPX4D<br \/>\nConexiune electric\u0103: &#8211; 1 ~ 230 V, 50 Hz<br \/>\nDimensiuni totale (HxWxD): 130 x 102 x 127 mm<br \/>\nPresiunea de lucru max. &#8211; 10bar.<\/p>\n<p><img decoding=\"async\" class=\"alignnone size-full wp-image-7710\" src=\"https:\/\/test.proterm.md\/wp-content\/uploads\/2021\/02\/pdf.png\" alt=\"PDF download\" width=\"40\" height=\"40\" \/><a href=\"https:\/\/test.proterm.md\/wp-content\/uploads\/2023\/11\/Wilo_Para_RU.pdf\" target=\"_blank\" rel=\"noopener\">Instructiuni de instalare<\/a><\/p>\n","protected":false},"featured_media":7939,"template":"","meta":{"_joinchat":[]},"product_brand":[],"product_cat":[62,40],"product_tag":[266],"class_list":{"0":"post-14271","1":"product","2":"type-product","3":"status-publish","4":"has-post-thumbnail","6":"product_cat-pompa_circulatie","7":"product_cat-pompa_apa","8":"product_tag-wilo","9":"pa_brand-wilo","10":"pa_pumping-height-2228","12":"first","13":"instock","14":"shipping-taxable","15":"product-type-simple"},"_links":{"self":[{"href":"https:\/\/test.proterm.md\/ro\/wp-json\/wp\/v2\/product\/14271","targetHints":{"allow":["GET"]}}],"collection":[{"href":"https:\/\/test.proterm.md\/ro\/wp-json\/wp\/v2\/product"}],"about":[{"href":"https:\/\/test.proterm.md\/ro\/wp-json\/wp\/v2\/types\/product"}],"wp:featuredmedia":[{"embeddable":true,"href":"https:\/\/test.proterm.md\/ro\/wp-json\/wp\/v2\/media\/7939"}],"wp:attachment":[{"href":"https:\/\/test.proterm.md\/ro\/wp-json\/wp\/v2\/media?parent=14271"}],"wp:term":[{"taxonomy":"product_brand","embeddable":true,"href":"https:\/\/test.proterm.md\/ro\/wp-json\/wp\/v2\/product_brand?post=14271"},{"taxonomy":"product_cat","embeddable":true,"href":"https:\/\/test.proterm.md\/ro\/wp-json\/wp\/v2\/product_cat?post=14271"},{"taxonomy":"product_tag","embeddable":true,"href":"https:\/\/test.proterm.md\/ro\/wp-json\/wp\/v2\/product_tag?post=14271"}],"curies":[{"name":"wp","href":"https:\/\/api.w.org\/{rel}","templated":true}]}}