{"id":14178,"date":"2023-10-09T12:40:50","date_gmt":"2023-10-09T10:40:50","guid":{"rendered":"https:\/\/test.proterm.md\/?post_type=product&#038;p=14178"},"modified":"2025-05-30T14:03:46","modified_gmt":"2025-05-30T12:03:46","slug":"detector-de-scurgeri-de-gaz-3-4","status":"publish","type":"product","link":"https:\/\/test.proterm.md\/ro\/product\/detector-de-scurgeri-de-gaz-3-4\/","title":{"rendered":"Detector de scurgeri gaz TecnoControl"},"content":{"rendered":"<p>SE230K si SE233K sunt detectoare de gaz pentru metan si GPL care avertizeaza printr-un semnal optic si acustic prezenta gazului in mediu.<br \/>\nDetectoarele SE230K\/SE233K sunt calibrate pentru a observa gazele existente \u00een mediu cu p\u00e2n\u0103 la 10% mai pu\u021bin din concentra\u021bia de explozie L.E.L.<\/p>","protected":false},"excerpt":{"rendered":"<p><strong>Detectorul de gaz<\/strong><\/p>\n<p>&#8211; Alimentare: 230Vac, 50\/60Hz \/ 12Vcc 2.5W.<br \/>\n&#8211; Absorbtie: 20mA max.<br \/>\n&#8211; Temperatura de lucru: -10\u00b0C &#8230; +40\u00b0C<br \/>\n&#8211; Umiditate relativa: 30% &#8230; 90% RH<\/p>\n<p>&#8211; Pragul de interventie la o concentratie de 10% din L.I.E. (Limita Inferioara de Explosivitate) a gazului.<br \/>\n&#8211; \u00cent\u00e2rziere inten\u021bionat\u0103 a pre\u00eenc\u0103lzirii dup\u0103 conectarea aparatului la re\u021bea: aproximativ 1 minut.<br \/>\n&#8211; \u00cent\u00e2rziere inten\u021bionat\u0103 a alarmei acustice \u0219i a controlului releului: aproximativ 20 de secunde.<br \/>\n&#8211; Semnal acustic: 85dB(A) la 1 metru.<br \/>\n&#8211; Autodiagnosticare electronica cu indicator de anomalie. &#8211; Grad de protectie: IP42.<br \/>\n&#8211; Conform standardelor CEI UNI EN50194-1:2009.<\/p>\n<p><strong>Supapa de gaz<\/strong><br \/>\nDiametru &#8211; 3\/4 Femenin<br \/>\nTip &#8211; VR510 MR (normal deschis)<br \/>\nPe 550 mbar<br \/>\nTemperatura de operare -15 +60\u00b0C<br \/>\nIP 65 &#8211; 230 Vac 50\/60Hz &#8211; 17VA<br \/>\nProdus din bronz<\/p>\n","protected":false},"featured_media":14182,"template":"","meta":{"_joinchat":[]},"product_brand":[],"product_cat":[681,123],"product_tag":[576],"class_list":{"0":"post-14178","1":"product","2":"type-product","3":"status-publish","4":"has-post-thumbnail","6":"product_cat-solutii_antiinghet_antigel","7":"product_cat-piese_de_schimb_centrale_termice","8":"product_tag-tecnocontrol","9":"pa_brand-tecnocontrol","10":"pa_filet-3-4","11":"pa_intern-extern-intern","13":"first","14":"instock","15":"shipping-taxable","16":"product-type-simple"},"_links":{"self":[{"href":"https:\/\/test.proterm.md\/ro\/wp-json\/wp\/v2\/product\/14178","targetHints":{"allow":["GET"]}}],"collection":[{"href":"https:\/\/test.proterm.md\/ro\/wp-json\/wp\/v2\/product"}],"about":[{"href":"https:\/\/test.proterm.md\/ro\/wp-json\/wp\/v2\/types\/product"}],"wp:featuredmedia":[{"embeddable":true,"href":"https:\/\/test.proterm.md\/ro\/wp-json\/wp\/v2\/media\/14182"}],"wp:attachment":[{"href":"https:\/\/test.proterm.md\/ro\/wp-json\/wp\/v2\/media?parent=14178"}],"wp:term":[{"taxonomy":"product_brand","embeddable":true,"href":"https:\/\/test.proterm.md\/ro\/wp-json\/wp\/v2\/product_brand?post=14178"},{"taxonomy":"product_cat","embeddable":true,"href":"https:\/\/test.proterm.md\/ro\/wp-json\/wp\/v2\/product_cat?post=14178"},{"taxonomy":"product_tag","embeddable":true,"href":"https:\/\/test.proterm.md\/ro\/wp-json\/wp\/v2\/product_tag?post=14178"}],"curies":[{"name":"wp","href":"https:\/\/api.w.org\/{rel}","templated":true}]}}