{"id":13940,"date":"2023-07-18T11:06:09","date_gmt":"2023-07-18T09:06:09","guid":{"rendered":"https:\/\/test.proterm.md\/?post_type=product&#038;p=13940"},"modified":"2025-05-30T14:04:00","modified_gmt":"2025-05-30T12:04:00","slug":"supapa-de-sens-fiv","status":"publish","type":"product","link":"https:\/\/test.proterm.md\/ro\/product\/supapa-de-sens-fiv\/","title":{"rendered":"Supapa de sens F.I.V. 3\/4&#8243;"},"content":{"rendered":"<p>O supap\u0103 de sens este un tip de fitinguri de protec\u021bie pentru conducte concepute pentru a preveni o schimbare a direc\u021biei de curgere a mediului \u00een sistemul de proces.<\/p>","protected":false},"excerpt":{"rendered":"<p>Marc\u0103 comercial\u0103 &#8211; F.I.V. (Italia)<br \/>\nRacord &#8211; 3\/4&#8243; F\/F<br \/>\nMaterial &#8211; alama.<br \/>\nMontare: orizontal\u0103, vertical\u0103, \u00eenclinat\u0103<br \/>\nPresiune maxim\u0103 de lucru &#8211; 10 bar<br \/>\nTemperatura maxima de functionare &#8211; 100 \u00b0C<br \/>\nAplicare &#8211; in sisteme de distributie a apei calde sau reci, in sisteme de incalzire sau in retele de aer comprimat.<br \/>\nGreutate, gr: 110.<br \/>\nProducator: F.I.V. (Italia).<\/p>\n","protected":false},"featured_media":13942,"template":"","meta":{"_joinchat":[]},"product_brand":[],"product_cat":[113],"product_tag":[411],"class_list":{"0":"post-13940","1":"product","2":"type-product","3":"status-publish","4":"has-post-thumbnail","6":"product_cat-supa_sens_si_siguranta","7":"product_tag-fiv","8":"pa_brand-fiv-emmeti","9":"pa_filet-3-4","10":"pa_thread-type-inside","12":"first","13":"instock","14":"shipping-taxable","15":"product-type-simple"},"_links":{"self":[{"href":"https:\/\/test.proterm.md\/ro\/wp-json\/wp\/v2\/product\/13940","targetHints":{"allow":["GET"]}}],"collection":[{"href":"https:\/\/test.proterm.md\/ro\/wp-json\/wp\/v2\/product"}],"about":[{"href":"https:\/\/test.proterm.md\/ro\/wp-json\/wp\/v2\/types\/product"}],"wp:featuredmedia":[{"embeddable":true,"href":"https:\/\/test.proterm.md\/ro\/wp-json\/wp\/v2\/media\/13942"}],"wp:attachment":[{"href":"https:\/\/test.proterm.md\/ro\/wp-json\/wp\/v2\/media?parent=13940"}],"wp:term":[{"taxonomy":"product_brand","embeddable":true,"href":"https:\/\/test.proterm.md\/ro\/wp-json\/wp\/v2\/product_brand?post=13940"},{"taxonomy":"product_cat","embeddable":true,"href":"https:\/\/test.proterm.md\/ro\/wp-json\/wp\/v2\/product_cat?post=13940"},{"taxonomy":"product_tag","embeddable":true,"href":"https:\/\/test.proterm.md\/ro\/wp-json\/wp\/v2\/product_tag?post=13940"}],"curies":[{"name":"wp","href":"https:\/\/api.w.org\/{rel}","templated":true}]}}