{"id":13805,"date":"2023-06-09T11:08:08","date_gmt":"2023-06-09T09:08:08","guid":{"rendered":"https:\/\/test.proterm.md\/?post_type=product&#038;p=13805"},"modified":"2025-05-30T14:04:01","modified_gmt":"2025-05-30T12:04:01","slug":"intrerupator-de-curgere-inversa-ca-9c","status":"publish","type":"product","link":"https:\/\/test.proterm.md\/ro\/product\/intrerupator-de-curgere-inversa-ca-9c\/","title":{"rendered":"\u00centrerup\u0103tor de curgere invers\u0103 CA 9C"},"content":{"rendered":"<div class=\"wpb-content-wrapper\"><p>[vc_row][vc_column][vc_column_text]\u00centrerup\u0103tor de retur\u00a0nereglabil, tip CA<br \/>\nProtec\u021bia sistemelor de ap\u0103 potabil\u0103 \u00eempotriva returului de lichide din clasa de pericol p\u00e2n\u0103 la 3. Proiectat \u00een conformitate cu EN1717 \u0219i EN14367.<br \/>\nPrevine returul apei poluate (fluide categoria 3). Protejeaz\u0103 \u00eempotriva refluxului datorit\u0103 presiunii mari \u00een aval sau a sifonajului \u00eenapoi. Dezvoltat special pentru unit\u0103\u021bile mai mici care trebuie conectate la sistemul de alimentare cu ap\u0103, cum ar fi dedurizatoarele de ap\u0103 \u0219i cazanele de \u00eenc\u0103lzire central\u0103 &gt; 45 kW. Complet cu tundish\/palnie.[\/vc_column_text][\/vc_column][\/vc_row]<\/p>\n<\/div>","protected":false},"excerpt":{"rendered":"<p>\u00centrerup\u0103tor de curgere invers\u0103 pentru racordarea la sistemul de alimentare cu ap\u0103 a echipamentelor cu diametre mici ale conductelor \u0219i cu o clas\u0103 sc\u0103zut\u0103 de pericol de poluare a apei, cum ar fi cazane de \u00eenc\u0103lzire de peste 45 kW sau dedurizatoare de ap\u0103.<br \/>\nFilet interior 3\/4\u201d. Max.<br \/>\ntemperatura apei 65 \u00b0C. Max.<br \/>\npresiune de lucru 10 bar.<br \/>\nRacord camera intermediara DN 40.<br \/>\nCorp din alama, arc din otel inoxidabil, garnitura din cauciuc, palnie din plastic.<br \/>\nProducator: WATTS UK<\/p>\n","protected":false},"featured_media":13806,"template":"","meta":{"_joinchat":[]},"product_brand":[],"product_cat":[115,71],"product_tag":[2205],"class_list":{"0":"post-13805","1":"product","2":"type-product","3":"status-publish","4":"has-post-thumbnail","6":"product_cat-reductor_presiune","7":"product_cat-robineti_racorduri","8":"product_tag-wats","9":"pa_brand-wats","10":"pa_filet-3-4","11":"pa_thread-type-intern-f","13":"first","14":"instock","15":"sale","16":"shipping-taxable","17":"product-type-simple"},"_links":{"self":[{"href":"https:\/\/test.proterm.md\/ro\/wp-json\/wp\/v2\/product\/13805","targetHints":{"allow":["GET"]}}],"collection":[{"href":"https:\/\/test.proterm.md\/ro\/wp-json\/wp\/v2\/product"}],"about":[{"href":"https:\/\/test.proterm.md\/ro\/wp-json\/wp\/v2\/types\/product"}],"wp:featuredmedia":[{"embeddable":true,"href":"https:\/\/test.proterm.md\/ro\/wp-json\/wp\/v2\/media\/13806"}],"wp:attachment":[{"href":"https:\/\/test.proterm.md\/ro\/wp-json\/wp\/v2\/media?parent=13805"}],"wp:term":[{"taxonomy":"product_brand","embeddable":true,"href":"https:\/\/test.proterm.md\/ro\/wp-json\/wp\/v2\/product_brand?post=13805"},{"taxonomy":"product_cat","embeddable":true,"href":"https:\/\/test.proterm.md\/ro\/wp-json\/wp\/v2\/product_cat?post=13805"},{"taxonomy":"product_tag","embeddable":true,"href":"https:\/\/test.proterm.md\/ro\/wp-json\/wp\/v2\/product_tag?post=13805"}],"curies":[{"name":"wp","href":"https:\/\/api.w.org\/{rel}","templated":true}]}}