{"id":12910,"date":"2023-03-14T13:35:42","date_gmt":"2023-03-14T11:35:42","guid":{"rendered":"https:\/\/test.proterm.md\/?post_type=product&#038;p=12910"},"modified":"2025-05-30T14:04:18","modified_gmt":"2025-05-30T12:04:18","slug":"cap-termostat-colectoare-tpa2017","status":"publish","type":"product","link":"https:\/\/test.proterm.md\/ro\/product\/cap-termostat-colectoare-tpa2017\/","title":{"rendered":"Servomotor podea calda TPA2017"},"content":{"rendered":"<p>Un actuator electrotermic este un dispozitiv care este utilizat pentru a controla \u0219i controla temperatura \u00een sistemele de \u00eenc\u0103lzire, ventila\u021bie \u0219i aer condi\u021bionat (HVAC). Este format din dou\u0103 componente principale: o ac\u021bionare electric\u0103 \u0219i un termostat.<\/p>\n<p>Servomotorul electric este de obicei instalat pe supape care controleaz\u0103 fluxul de lichid de r\u0103cire \u00eentr-un sistem de \u00eenc\u0103lzire sau de r\u0103cire. Poate fi controlat de un termostat care regleaz\u0103 temperatura camerei \u0219i trimite un semnal c\u0103tre un actuator electric pentru deschiderea sau \u00eenchiderea robinetului, \u00een func\u021bie de nevoile sistemului HVAC.<\/p>\n<p>Termostatul, la r\u00e2ndul s\u0103u, este un senzor de temperatur\u0103 care este instalat \u00een camer\u0103. C\u00e2nd temperatura cre\u0219te peste nivelul setat, termostatul trimite un semnal c\u0103tre actuatorul electric, care deschide supapa, permi\u021b\u00e2nd lichidului de r\u0103cire s\u0103 curg\u0103 \u00een sistemul de \u00eenc\u0103lzire sau de r\u0103cire. C\u00e2nd temperatura scade sub nivelul setat, termostatul trimite din nou un semnal c\u0103tre actuator pentru a \u00eenchide supapa.<\/p>\n<p>\u00cen acest fel, ac\u0163ionarea electrotermic\u0103 asigur\u0103 controlul automat al temperaturii camerei, ceea ce \u00eembun\u0103t\u0103\u0163e\u015fte confortul \u015fi eficien\u0163a sistemului HVAC.<\/p>","protected":false},"excerpt":{"rendered":"<p>Componente de control (T) Senzor de cear\u0103 pentru \u00eenc\u0103lzire electric\u0103<br \/>\nImpingerea F \u0219i direc\u021bia 110N &gt; F \u2265 80N direc\u021bia: Sus<br \/>\nMan\u0219on de conectare M30x1,5 mm<br \/>\nTemperatura mediului de lucru (X) -5~60\u2103<br \/>\nTimp de pornire 3 min<br \/>\nCursa totala 3 mm<br \/>\nClasa de protectie IP54<br \/>\nConsum 2Va<br \/>\nCel mai mare curent de \u0219oc 24V 1.2A<br \/>\n220V\/230V 0,7A<br \/>\nCablaj 0,75 m (dou\u0103 fire)<br \/>\nGreutate neta 125 g<\/p>\n<p>Actuatorul electrotermic poate indica supapa deschis\u0103 \u0219i \u00eenchis\u0103 st\u00e2lpul ro\u0219u. Este flexibil, confortabil, fiabil, durabil \u0219i economise\u0219te energie<\/p>\n<p><img decoding=\"async\" class=\"alignnone wp-image-7559\" src=\"https:\/\/test.proterm.md\/wp-content\/uploads\/2021\/12\/icopdf-min-300x300.png\" alt=\"\" width=\"36\" height=\"36\" srcset=\"https:\/\/test.proterm.md\/wp-content\/uploads\/2021\/12\/icopdf-min-300x300.png 300w, https:\/\/test.proterm.md\/wp-content\/uploads\/2021\/12\/icopdf-min-150x150.png 150w, https:\/\/test.proterm.md\/wp-content\/uploads\/2021\/12\/icopdf-min-250x250.png 250w, https:\/\/test.proterm.md\/wp-content\/uploads\/2021\/12\/icopdf-min-450x450.png 450w, https:\/\/test.proterm.md\/wp-content\/uploads\/2021\/12\/icopdf-min-500x500.png 500w, https:\/\/test.proterm.md\/wp-content\/uploads\/2021\/12\/icopdf-min-100x100.png 100w, https:\/\/test.proterm.md\/wp-content\/uploads\/2021\/12\/icopdf-min.png 512w\" sizes=\"(max-width: 36px) 100vw, 36px\" \/><a href=\"https:\/\/test.proterm.md\/wp-content\/uploads\/2023\/03\/Cap-termostat-TPA2017-Electrothermal-ro.pdf\">Cap termostat TPA2017 instruc\u021biuni<\/a><\/p>\n","protected":false},"featured_media":12911,"template":"","meta":{"_joinchat":[]},"product_brand":[],"product_cat":[42,2221],"product_tag":[1557],"class_list":{"0":"post-12910","1":"product","2":"type-product","3":"status-publish","4":"has-post-thumbnail","6":"product_cat-automatizari_elemente_de_actionare","7":"product_cat-thermostat","8":"product_tag-toupwell","9":"pa_brand-toupwell","10":"pa_heating-type-for-underfloor-heating","12":"first","13":"instock","14":"shipping-taxable","15":"product-type-simple"},"_links":{"self":[{"href":"https:\/\/test.proterm.md\/ro\/wp-json\/wp\/v2\/product\/12910","targetHints":{"allow":["GET"]}}],"collection":[{"href":"https:\/\/test.proterm.md\/ro\/wp-json\/wp\/v2\/product"}],"about":[{"href":"https:\/\/test.proterm.md\/ro\/wp-json\/wp\/v2\/types\/product"}],"wp:featuredmedia":[{"embeddable":true,"href":"https:\/\/test.proterm.md\/ro\/wp-json\/wp\/v2\/media\/12911"}],"wp:attachment":[{"href":"https:\/\/test.proterm.md\/ro\/wp-json\/wp\/v2\/media?parent=12910"}],"wp:term":[{"taxonomy":"product_brand","embeddable":true,"href":"https:\/\/test.proterm.md\/ro\/wp-json\/wp\/v2\/product_brand?post=12910"},{"taxonomy":"product_cat","embeddable":true,"href":"https:\/\/test.proterm.md\/ro\/wp-json\/wp\/v2\/product_cat?post=12910"},{"taxonomy":"product_tag","embeddable":true,"href":"https:\/\/test.proterm.md\/ro\/wp-json\/wp\/v2\/product_tag?post=12910"}],"curies":[{"name":"wp","href":"https:\/\/api.w.org\/{rel}","templated":true}]}}