{"id":12890,"date":"2023-03-13T15:19:01","date_gmt":"2023-03-13T13:19:01","guid":{"rendered":"https:\/\/test.proterm.md\/?post_type=product&#038;p=12890"},"modified":"2025-05-30T14:04:18","modified_gmt":"2025-05-30T12:04:18","slug":"vana-cu-servomotor-2-cai-2f","status":"publish","type":"product","link":"https:\/\/test.proterm.md\/ro\/product\/vana-cu-servomotor-2-cai-2f\/","title":{"rendered":"Vana cu servomotor 2 cai 2&#8243;F TPBA04"},"content":{"rendered":"<p>Servomotorul de robinet bil\u0103 din seria TPBA04 utilizeaz\u0103 un motor bidirec\u021bional. Potrivire cu robinetul cu bil\u0103 din seria TPBV, este utilizat \u00een principal \u00een sistemul central de aer condi\u021bionat, sistemul de \u00eenc\u0103lzire, tratarea apei \u0219i industria de produc\u021bie pentru a controla fluxul de mediu rece\/cald<\/p>","protected":false},"excerpt":{"rendered":"<p>Motor AC bidirec\u021bional<br \/>\nAplica\u021bie pentru supape\u00a0 DN15 &#8211; 50<br \/>\nRobinet bila &#8211;\u00a0 \u00d850FF<br \/>\nPlastic ABS ignifug<br \/>\nCu comutator manual si indicator de pozitie<br \/>\nTip pornit\/oprit sau tip plutitor (ajustare PID).<br \/>\nDesign deta\u0219abil, u\u0219or de instalat \u0219i \u00eentre\u021binut<br \/>\nTemperatura fluidului \u0219i temperatura ambiant\u0103 sunt greu de atins \u00een interiorul actuatorului<br \/>\nNivel ridicat de fiabilitate \u0219i cerin\u021be de siguran\u021b\u0103<br \/>\nM\u00e2nerul manual al actuatorului poate fi demontat pentru a fi instalat pe tija supapei pentru deschiderea sau \u00eenchiderea robinetului<br \/>\nSemnal de intrare de control 0(2)~10V c.c. sau 0(4)~20mA c.c., control propor\u021bional<br \/>\nSemnal de raspuns 0~10V<\/p>\n<p><a href=\"https:\/\/test.proterm.md\/wp-content\/uploads\/2023\/03\/TPBA04-series-ball-valve-actuator-D02.pdf\" target=\"_blank\" rel=\"noopener\"><img decoding=\"async\" class=\"alignnone wp-image-7559\" src=\"https:\/\/test.proterm.md\/wp-content\/uploads\/2021\/12\/icopdf-min-300x300.png\" alt=\"\" width=\"36\" height=\"36\" srcset=\"https:\/\/test.proterm.md\/wp-content\/uploads\/2021\/12\/icopdf-min-300x300.png 300w, https:\/\/test.proterm.md\/wp-content\/uploads\/2021\/12\/icopdf-min-150x150.png 150w, https:\/\/test.proterm.md\/wp-content\/uploads\/2021\/12\/icopdf-min-250x250.png 250w, https:\/\/test.proterm.md\/wp-content\/uploads\/2021\/12\/icopdf-min-450x450.png 450w, https:\/\/test.proterm.md\/wp-content\/uploads\/2021\/12\/icopdf-min-500x500.png 500w, https:\/\/test.proterm.md\/wp-content\/uploads\/2021\/12\/icopdf-min-100x100.png 100w, https:\/\/test.proterm.md\/wp-content\/uploads\/2021\/12\/icopdf-min.png 512w\" sizes=\"(max-width: 36px) 100vw, 36px\" \/>Date tehnice<\/a><\/p>\n","protected":false},"featured_media":12891,"template":"","meta":{"_joinchat":[]},"product_brand":[],"product_cat":[42],"product_tag":[1557],"class_list":{"0":"post-12890","1":"product","2":"type-product","3":"status-publish","4":"has-post-thumbnail","6":"product_cat-automatizari_elemente_de_actionare","7":"product_tag-toupwell","8":"pa_brand-toupwell","9":"pa_for-what-water-hot-water","10":"pa_for-what-water-cold-water","11":"pa_thread-type-inside","13":"first","14":"instock","15":"shipping-taxable","16":"product-type-simple"},"_links":{"self":[{"href":"https:\/\/test.proterm.md\/ro\/wp-json\/wp\/v2\/product\/12890","targetHints":{"allow":["GET"]}}],"collection":[{"href":"https:\/\/test.proterm.md\/ro\/wp-json\/wp\/v2\/product"}],"about":[{"href":"https:\/\/test.proterm.md\/ro\/wp-json\/wp\/v2\/types\/product"}],"wp:featuredmedia":[{"embeddable":true,"href":"https:\/\/test.proterm.md\/ro\/wp-json\/wp\/v2\/media\/12891"}],"wp:attachment":[{"href":"https:\/\/test.proterm.md\/ro\/wp-json\/wp\/v2\/media?parent=12890"}],"wp:term":[{"taxonomy":"product_brand","embeddable":true,"href":"https:\/\/test.proterm.md\/ro\/wp-json\/wp\/v2\/product_brand?post=12890"},{"taxonomy":"product_cat","embeddable":true,"href":"https:\/\/test.proterm.md\/ro\/wp-json\/wp\/v2\/product_cat?post=12890"},{"taxonomy":"product_tag","embeddable":true,"href":"https:\/\/test.proterm.md\/ro\/wp-json\/wp\/v2\/product_tag?post=12890"}],"curies":[{"name":"wp","href":"https:\/\/api.w.org\/{rel}","templated":true}]}}