{"id":12338,"date":"2025-06-13T15:22:20","date_gmt":"2025-06-13T13:22:20","guid":{"rendered":"https:\/\/test.proterm.md\/?post_type=product&#038;p=12338"},"modified":"2025-06-13T15:22:20","modified_gmt":"2025-06-13T13:22:20","slug":"pompa-de-caldura-10kw-sunrain","status":"publish","type":"product","link":"https:\/\/test.proterm.md\/ro\/product\/pompa-de-caldura-10kw-sunrain\/","title":{"rendered":"Pompa de caldura 10kW Sunrain"},"content":{"rendered":"<div class=\"wpb-content-wrapper\"><p>[vc_row][vc_column][vc_column_text css_animation=&#8221;bounceIn&#8221; text_larger=&#8221;no&#8221;]De ce ar trebui s\u0103 cump\u0103ra\u021bi de la Sunrain, nu de la al\u021bi furnizori?<\/p>\n<p>Sunrain este o companie listat\u0103 cu cele mai mari \u0219i mai avansate fabrici de produc\u021bie de pompe de c\u0103ldur\u0103 din toat\u0103 China. Avem o echip\u0103 de cercetare \u0219i dezvoltare foarte puternic\u0103 \u0219i profesionist\u0103, cu peste 50 de angaja\u021bi. Sunrain a cheltuit peste 6 milioane RMB pentru a construi cele mai avansate laboratoare.<br \/>\nSUNRAIN este unul dintre cei mai mari furnizori din CHINA. Cu mai mult de 10 ani de experien\u021b\u0103 \u00een comer\u021bul mondial, putem oferi cele mai bune pre\u021buri, cea mai \u00eenalt\u0103 calitate \u0219i servicii superioare. Ne inspect\u0103m produsele \u00eenainte de a le expedia \u0219i oferim o garan\u021bie de 2 ani pentru toate produsele. Promitem s\u0103 v\u0103 oferim o rambursare complet\u0103 dac\u0103 produsele nu sunt a\u0219a cum sunt descrise.[\/vc_column_text][\/vc_column][\/vc_row]<\/p>\n<\/div>","protected":false},"excerpt":{"rendered":"<p>Model &#8211; BLN-010TB1<br \/>\nAlimentare &#8211; 220V<br \/>\nPerforman\u021b\u0103 de \u00eenc\u0103lzire: Aer exterior 7\/6 C\u00b0, Apa de intrare\/ie\u0219ire 30\/35 C\u00b0<br \/>\nCapacitate de incalzire &#8211; 10,58 (4,20~12,20) kW<br \/>\nPutere nominal\u0103 &#8211; 0,86 ~ 2,88 kW<br \/>\nCurent &#8211; 3,82~12,77 A<\/p>\n<p>Performan\u021b\u0103 de \u00eenc\u0103lzire: Aer exterior 7\/6 C\u00b0, Apa de intrare\/ie\u0219ire 47\/55 C\u00b0<br \/>\nCapacitate de incalzire &#8211; 3,85~11,20 kW<br \/>\nPutere nominal\u0103 &#8211; 1,13 ~ 3,75 kW<br \/>\nCurent &#8211; 5,01~16,6 A<\/p>\n<p>Performan\u021b\u0103 de r\u0103cire: Aer exterior 35\/24 C\u00b0, Intrare\/Ie\u0219ire ap\u0103 12\/7 C\u00b0<br \/>\nCapacitate de racire &#8211; 2,60~10,30 kW<br \/>\nPutere &#8211; 0,91 ~ 3,65 kW<br \/>\nCurent &#8211; 4,03~16,19<\/p>\n<p>ERP\/ Scop 35 C\u00b0 &#8211; A+++ \/4,55<br \/>\nERP\/ Scop 55 C\u00b0 &#8211; A++ \/3.41<\/p>\n<p>Puterea nominal\u0103 de intrare &#8211; 3,83 kW<br \/>\nCurent nominal de intrare &#8211; 17 A<br \/>\nAgent frigorific \/ Greutate &#8211; R32 \/ 1,8 kg<br \/>\nDebitul de ap\u0103 nominal m\u00b3\/h &#8211; 1,75<br \/>\nTip motor ventilator &#8211; DC Inverter<br \/>\nCompresor &#8211; Panasonic<br \/>\nClasa IP &#8211; IPX4<br \/>\nNivel de zgomot &#8211; 51 dB<br \/>\nRacorduri pentru conducte de ap\u0103 &#8211; DN 25(1&#8243;)<br \/>\nC\u0103derea de presiune la debitul nominal &#8211; 27 kPa<br \/>\nInterval de temperatur\u0103 de func\u021bionare (C\u00b0) -25 +45<br \/>\nDimensiune net\u0103 (L*D*H) 1110*445*850 mm<br \/>\nGreutate neta 109 kg<br \/>\n<img decoding=\"async\" class=\"alignnone wp-image-7559\" src=\"https:\/\/test.proterm.md\/wp-content\/uploads\/2021\/12\/icopdf-min-300x300.png\" alt=\"\" width=\"34\" height=\"34\" srcset=\"https:\/\/test.proterm.md\/wp-content\/uploads\/2021\/12\/icopdf-min-300x300.png 300w, https:\/\/test.proterm.md\/wp-content\/uploads\/2021\/12\/icopdf-min-150x150.png 150w, https:\/\/test.proterm.md\/wp-content\/uploads\/2021\/12\/icopdf-min-250x250.png 250w, https:\/\/test.proterm.md\/wp-content\/uploads\/2021\/12\/icopdf-min-450x450.png 450w, https:\/\/test.proterm.md\/wp-content\/uploads\/2021\/12\/icopdf-min-500x500.png 500w, https:\/\/test.proterm.md\/wp-content\/uploads\/2021\/12\/icopdf-min-100x100.png 100w, https:\/\/test.proterm.md\/wp-content\/uploads\/2021\/12\/icopdf-min.png 512w\" sizes=\"(max-width: 34px) 100vw, 34px\" \/><a href=\"https:\/\/test.proterm.md\/wp-content\/uploads\/2023\/01\/Manual-pompe-caldura-sunrais-seria-BLN.pdf\">Manual Sunrise seria-BLN<\/a><\/p>\n","protected":false},"featured_media":12329,"template":"","meta":{"_joinchat":{"message_text":"*{TITLE}* Hei prietene daca citesti acest mesaj ai inca 5% reducere la {PRODUCT} *{PRICE}* *{URL}* Nu rata sansa Promocode \"ION\""}},"product_brand":[],"product_cat":[1467],"product_tag":[2173],"class_list":{"0":"post-12338","1":"product","2":"type-product","3":"status-publish","4":"has-post-thumbnail","6":"product_cat-pompa_caldura","7":"product_tag-sunrain","8":"pa_brand-sunrain","9":"pa_heat-pump-monobloc","10":"pa_power-boiler-kw-1508","11":"pa_sales-sales","12":"pa_tensiunea_de_alimentare-220240v","14":"first","15":"instock","16":"shipping-taxable","17":"product-type-simple"},"_links":{"self":[{"href":"https:\/\/test.proterm.md\/ro\/wp-json\/wp\/v2\/product\/12338","targetHints":{"allow":["GET"]}}],"collection":[{"href":"https:\/\/test.proterm.md\/ro\/wp-json\/wp\/v2\/product"}],"about":[{"href":"https:\/\/test.proterm.md\/ro\/wp-json\/wp\/v2\/types\/product"}],"wp:featuredmedia":[{"embeddable":true,"href":"https:\/\/test.proterm.md\/ro\/wp-json\/wp\/v2\/media\/12329"}],"wp:attachment":[{"href":"https:\/\/test.proterm.md\/ro\/wp-json\/wp\/v2\/media?parent=12338"}],"wp:term":[{"taxonomy":"product_brand","embeddable":true,"href":"https:\/\/test.proterm.md\/ro\/wp-json\/wp\/v2\/product_brand?post=12338"},{"taxonomy":"product_cat","embeddable":true,"href":"https:\/\/test.proterm.md\/ro\/wp-json\/wp\/v2\/product_cat?post=12338"},{"taxonomy":"product_tag","embeddable":true,"href":"https:\/\/test.proterm.md\/ro\/wp-json\/wp\/v2\/product_tag?post=12338"}],"curies":[{"name":"wp","href":"https:\/\/api.w.org\/{rel}","templated":true}]}}