{"id":12183,"date":"2022-12-26T14:40:12","date_gmt":"2022-12-26T12:40:12","guid":{"rendered":"https:\/\/test.proterm.md\/?post_type=product&#038;p=12183"},"modified":"2025-05-30T14:04:34","modified_gmt":"2025-05-30T12:04:34","slug":"manometru_16_bar_3-8","status":"publish","type":"product","link":"https:\/\/test.proterm.md\/ro\/product\/manometru_16_bar_3-8\/","title":{"rendered":"Manometru 16 bar 3\/8&#8243; M Emmeti"},"content":{"rendered":"<p>Manometrul este conceput pentru a m\u0103sura presiunea \u00een medii m\u0103surate gazoase \u0219i lichide, nu foarte v\u00e2scoase \u0219i necristalizante, care nu sunt agresive fa\u021b\u0103 de aliajele de cupru din sistemele de \u00eenc\u0103lzire, alimentare cu ap\u0103 \u0219i r\u0103cire.<\/p>","protected":false},"excerpt":{"rendered":"<p>Presiune maxima de lucru &#8211; 16 bar<br \/>\nFilet &#8211; 3\/8&#8243; M<br \/>\nConectiune &#8211; verticala<br \/>\nDomeniu de aplicare &#8211; m\u0103surarea presiunii \u00een medii gazoase \u0219i lichide<br \/>\nTemperatura de lucru:\u00a0 -25 \u00b0C\u00a0 \u00b1\u00a0 90\u00b0C<\/p>\n","protected":false},"featured_media":12184,"template":"","meta":{"_joinchat":[]},"product_brand":[],"product_cat":[114,71],"product_tag":[216],"class_list":{"0":"post-12183","1":"product","2":"type-product","3":"status-publish","4":"has-post-thumbnail","6":"product_cat-manometru_termometru_termomanometru","7":"product_cat-robineti_racorduri","8":"product_tag-emmeti","9":"pa_filet-3-8","10":"pa_thread-type-outside","12":"first","13":"instock","14":"shipping-taxable","15":"product-type-simple"},"_links":{"self":[{"href":"https:\/\/test.proterm.md\/ro\/wp-json\/wp\/v2\/product\/12183","targetHints":{"allow":["GET"]}}],"collection":[{"href":"https:\/\/test.proterm.md\/ro\/wp-json\/wp\/v2\/product"}],"about":[{"href":"https:\/\/test.proterm.md\/ro\/wp-json\/wp\/v2\/types\/product"}],"wp:featuredmedia":[{"embeddable":true,"href":"https:\/\/test.proterm.md\/ro\/wp-json\/wp\/v2\/media\/12184"}],"wp:attachment":[{"href":"https:\/\/test.proterm.md\/ro\/wp-json\/wp\/v2\/media?parent=12183"}],"wp:term":[{"taxonomy":"product_brand","embeddable":true,"href":"https:\/\/test.proterm.md\/ro\/wp-json\/wp\/v2\/product_brand?post=12183"},{"taxonomy":"product_cat","embeddable":true,"href":"https:\/\/test.proterm.md\/ro\/wp-json\/wp\/v2\/product_cat?post=12183"},{"taxonomy":"product_tag","embeddable":true,"href":"https:\/\/test.proterm.md\/ro\/wp-json\/wp\/v2\/product_tag?post=12183"}],"curies":[{"name":"wp","href":"https:\/\/api.w.org\/{rel}","templated":true}]}}