{"id":11682,"date":"2022-11-23T09:56:22","date_gmt":"2022-11-23T07:56:22","guid":{"rendered":"https:\/\/test.proterm.md\/?post_type=product&#038;p=11682"},"modified":"2025-06-24T10:21:43","modified_gmt":"2025-06-24T08:21:43","slug":"boiler-300l-2-serpentine","status":"publish","type":"product","link":"https:\/\/test.proterm.md\/ro\/product\/boiler-300l-2-serpentine\/","title":{"rendered":"Boiler 300L &#8211; 2 serpentine"},"content":{"rendered":"<div class=\"wpb-content-wrapper\"><p>[vc_row][vc_column][vc_column_text css_animation=&#8221;bounceIn&#8221; text_larger=&#8221;no&#8221;]Boilere cu doua serpentine, eficienta ridicata pentru producerea apei calde ACM. Cu o exploatare usoara. Pentru incalzire directa\/ incalzire indirecta cu energie sau sursa de energie alternativa.<\/p>\n<p>Tip &#8211; vertical.<br \/>\nOcup\u0103 pu\u021bin spa\u021biu.<br \/>\nIgiena este asigurata prin aplicarea de email electrostatic pulbere (HYF) sau galvanizare la cald pe suprafata interioara a vasului.<br \/>\nEste economic \u0219i durabil.<br \/>\nAre o estetic\u0103 elegant\u0103 cu un design modern.<br \/>\nAre protectie catodica cu anod de magneziu.<br \/>\nAre un termometru \u0219i un afi\u0219aj cu anod.<br \/>\nPresiune de lucru 10 bar.<br \/>\nOp\u021bional, poate fi izolat cu poliuretan sau burete izolator de \u00eenalt\u0103 densitate.<br \/>\nCapacul exterior este din tabl\u0103 vopsit\u0103 electrostatic sau material impertex.[\/vc_column_text][\/vc_column][\/vc_row]<\/p>\n<\/div>","protected":false},"excerpt":{"rendered":"<p>Volum &#8211; 300L<br \/>\nSuprafa\u021ba inferioar\u0103 a serpantinei &#8211; 1,1 m\u00b2<br \/>\nSuprafa\u021ba superioar\u0103 a serpentinei &#8211; 0.66 m\u00b2<br \/>\nGreutate f\u0103r\u0103 ap\u0103 &#8211; 134 kg<br \/>\n\u00cen\u0103l\u021bime &#8211; 1580 mm<br \/>\nLatime &#8211; 670 mm<br \/>\nIzola\u021bie &#8211; 50 mm<\/p>\n<p><a href=\"https:\/\/test.proterm.md\/wp-content\/uploads\/2022\/03\/Unmak-2-serpentine-pdf.pdf\" target=\"_blank\" rel=\"noopener\"><img decoding=\"async\" class=\"alignnone size-full wp-image-7710\" src=\"https:\/\/test.proterm.md\/wp-content\/uploads\/2021\/02\/pdf.png\" alt=\"PDF download\" width=\"40\" height=\"40\" \/>Catalog<\/a><\/p>\n","protected":false},"featured_media":10302,"template":"","meta":{"_joinchat":[]},"product_brand":[],"product_cat":[39,729],"product_tag":[724],"class_list":{"0":"post-11682","1":"product","2":"type-product","3":"status-publish","4":"has-post-thumbnail","6":"product_cat-boiler","7":"product_cat-unmak_boiler","8":"product_tag-unmak-isitma-sistemleri","9":"pa_brand-unmak","10":"pa_name-boiler-unmak","11":"pa_number-serpents-213","12":"pa_tip-boilers-thermal","13":"pa_volume-222","15":"first","16":"instock","17":"shipping-taxable","18":"product-type-simple"},"_links":{"self":[{"href":"https:\/\/test.proterm.md\/ro\/wp-json\/wp\/v2\/product\/11682","targetHints":{"allow":["GET"]}}],"collection":[{"href":"https:\/\/test.proterm.md\/ro\/wp-json\/wp\/v2\/product"}],"about":[{"href":"https:\/\/test.proterm.md\/ro\/wp-json\/wp\/v2\/types\/product"}],"wp:featuredmedia":[{"embeddable":true,"href":"https:\/\/test.proterm.md\/ro\/wp-json\/wp\/v2\/media\/10302"}],"wp:attachment":[{"href":"https:\/\/test.proterm.md\/ro\/wp-json\/wp\/v2\/media?parent=11682"}],"wp:term":[{"taxonomy":"product_brand","embeddable":true,"href":"https:\/\/test.proterm.md\/ro\/wp-json\/wp\/v2\/product_brand?post=11682"},{"taxonomy":"product_cat","embeddable":true,"href":"https:\/\/test.proterm.md\/ro\/wp-json\/wp\/v2\/product_cat?post=11682"},{"taxonomy":"product_tag","embeddable":true,"href":"https:\/\/test.proterm.md\/ro\/wp-json\/wp\/v2\/product_tag?post=11682"}],"curies":[{"name":"wp","href":"https:\/\/api.w.org\/{rel}","templated":true}]}}