{"id":11578,"date":"2022-11-09T15:39:30","date_gmt":"2022-11-09T13:39:30","guid":{"rendered":"https:\/\/test.proterm.md\/?post_type=product&#038;p=11578"},"modified":"2025-05-30T14:04:52","modified_gmt":"2025-05-30T12:04:52","slug":"termostat-camera-wi-fi-tp608rfw","status":"publish","type":"product","link":"https:\/\/test.proterm.md\/ro\/product\/termostat-camera-wi-fi-tp608rfw\/","title":{"rendered":"Termostat camera WI-FI TP608RFW"},"content":{"rendered":"<div class=\"wpb-content-wrapper\"><p>[vc_row][vc_column][vc_video link=&#8221;https:\/\/www.youtube.com\/watch?v=iqU8zTGoUPw&#8221; el_width=&#8221;40&#8243; align=&#8221;center&#8221; title=&#8221;Video instructiuni&#8221; image_poster_switch=&#8221;no&#8221;][\/vc_column][\/vc_row][vc_row][vc_column][vc_column_text]<img decoding=\"async\" class=\"wp-image-11545 aligncenter\" src=\"https:\/\/test.proterm.md\/wp-content\/uploads\/2022\/11\/des1_termostat_aero-300x156.png\" alt=\"\" width=\"525\" height=\"273\" \/><\/p>\n<p style=\"color: blue; text-align: center;\">Noua genera\u021bie de termostate WIRELESS \u0219i Wi-Fi<\/p>\n<p style=\"text-align: left;\">TP618RFW\/608RFW este un nou termostat inteligent f\u0103r\u0103 fir compatibil Wi-Fi. TP618RFW\/608RFW poate \u00eenlocui cel mai obi\u0219nuit termostat de uz casnic \u0219i este proiectat pentru a fi utilizat cu sisteme de \u00eenc\u0103lzire cu gaz, electric, combustibil solid (lemn, pele\u021bi) sau diesel. Spre deosebire de termostatul obi\u0219nuit cu fir, acest nou tip de termostat are dou\u0103 func\u021bii: receptor TR618RE\/608RE \u0219i termostat de control TP618SE\/608RE. Receptorul este conceput pentru a fi conectat prin cabluri la sistemul de \u00eenc\u0103lzire, control\u00e2nd astfel pornirea\/oprirea c\u0103ldurii. Termostatul de control func\u021bioneaz\u0103 f\u0103r\u0103 fir \u0219i devine astfel o interfa\u021b\u0103 cu utilizatorul. Rolul principal al termostatului este de a detecta \u0219i controla temperatura, dar poate fi folosit \u0219i pentru a schimba modul de func\u021bionare sau a schimba programul de func\u021bionare. Utilizatorul poate a\u0219eza termostatul \u00eentr-un loc vizibil pentru a putea citi \u0219i controla temperatura spa\u021biului de locuit \u00een timp ce receptorul este amplasat l\u00e2ng\u0103 sistemul de \u00eenc\u0103lzire.<\/p>\n<p>&nbsp;<\/p>\n<p style=\"text-align: center; color: blue;\">TERMOSTAT INTELIGENT CU WI-FI SI CONTROL VOCAL<\/p>\n<p><img decoding=\"async\" class=\"wp-image-11550 aligncenter\" src=\"https:\/\/test.proterm.md\/wp-content\/uploads\/2022\/11\/Termostat6_ventiloconvector_rrraero_tp538_1-300x159.png\" alt=\"\" width=\"794\" height=\"421\" \/><\/p>\n<p style=\"text-align: center;\">Func\u021bia Wi-Fi: desc\u0103rca\u021bi aplica\u021bia pe telefon \u0219i astfel pute\u021bi controla termostatul de oriunde \u0219i \u00een orice moment. Amazon Alexa \u0219i Google Home disponibile pentru control vocal<\/p>\n<p><img decoding=\"async\" class=\"alignnone wp-image-11567 size-full\" src=\"https:\/\/test.proterm.md\/wp-content\/uploads\/2022\/11\/Aero-black-1descriere-1.png\" alt=\"\" width=\"1024\" height=\"255\" srcset=\"https:\/\/test.proterm.md\/wp-content\/uploads\/2022\/11\/Aero-black-1descriere-1.png 1024w, https:\/\/test.proterm.md\/wp-content\/uploads\/2022\/11\/Aero-black-1descriere-1-150x37.png 150w, https:\/\/test.proterm.md\/wp-content\/uploads\/2022\/11\/Aero-black-1descriere-1-250x62.png 250w, https:\/\/test.proterm.md\/wp-content\/uploads\/2022\/11\/Aero-black-1descriere-1-768x191.png 768w, https:\/\/test.proterm.md\/wp-content\/uploads\/2022\/11\/Aero-black-1descriere-1-450x112.png 450w, https:\/\/test.proterm.md\/wp-content\/uploads\/2022\/11\/Aero-black-1descriere-1-500x125.png 500w\" sizes=\"(max-width: 1024px) 100vw, 1024px\" \/><\/p>\n<p><img decoding=\"async\" class=\"alignnone wp-image-11568 size-full\" src=\"https:\/\/test.proterm.md\/wp-content\/uploads\/2022\/11\/des23_termostat_aero-122.png\" alt=\"\" width=\"1024\" height=\"546\" srcset=\"https:\/\/test.proterm.md\/wp-content\/uploads\/2022\/11\/des23_termostat_aero-122.png 1024w, https:\/\/test.proterm.md\/wp-content\/uploads\/2022\/11\/des23_termostat_aero-122-150x80.png 150w, https:\/\/test.proterm.md\/wp-content\/uploads\/2022\/11\/des23_termostat_aero-122-250x133.png 250w, https:\/\/test.proterm.md\/wp-content\/uploads\/2022\/11\/des23_termostat_aero-122-768x410.png 768w, https:\/\/test.proterm.md\/wp-content\/uploads\/2022\/11\/des23_termostat_aero-122-450x240.png 450w, https:\/\/test.proterm.md\/wp-content\/uploads\/2022\/11\/des23_termostat_aero-122-500x267.png 500w\" sizes=\"(max-width: 1024px) 100vw, 1024px\" \/><\/p>\n<p>Caracteristici ale termostatului wireless WIFI<br \/>\nPoate fi amplasat oriunde \u00een cas\u0103 pentru a detecta \u0219i controla temperatura \u00eentr-o zon\u0103 selectat\u0103 de utilizator.<br \/>\nNu se limiteaz\u0103 la loca\u021bia cablajului de gestionare a energiei.<br \/>\nComunicare cu receptorul prin RF. Distanta de control 200 m in spatiu deschis.<br \/>\nEcran LCD mare cu butoane tactile.<br \/>\nEcranul afi\u0219eaz\u0103 at\u00e2t temperatura setat\u0103, c\u00e2t \u0219i temperatura camerei \u00een acela\u0219i timp.<br \/>\nSalvarea permanent\u0103 a set\u0103rilor \u0219i salvarea programului \u00een caz de pan\u0103 de curent.<br \/>\nAfi\u0219area temperaturii \u00een grade Celsius.<br \/>\nProgramare op\u021bional\u0103 &#8211; perioad\u0103: 7 zile separate sau programare separat\u0103 de 5 zile (s\u0103pt\u0103m\u00e2n\u0103) \u0219i 1 zi\/1 zi (s\u00e2mb\u0103t\u0103\/duminic\u0103) cu 4 sau 6 perioade separate de timp\/temperatur\u0103 pe zi.<br \/>\nTemperatura afi\u0219ajului este recalibrat\u0103.<br \/>\nProtec\u021bie \u00eempotriva \u00eenghe\u021bului.<\/p>\n<p><img decoding=\"async\" class=\"alignleft wp-image-11551 size-full\" src=\"https:\/\/test.proterm.md\/wp-content\/uploads\/2022\/11\/Aero-rfw-descriere-1.png\" alt=\"\" width=\"1024\" height=\"481\" srcset=\"https:\/\/test.proterm.md\/wp-content\/uploads\/2022\/11\/Aero-rfw-descriere-1.png 1024w, https:\/\/test.proterm.md\/wp-content\/uploads\/2022\/11\/Aero-rfw-descriere-1-150x70.png 150w, https:\/\/test.proterm.md\/wp-content\/uploads\/2022\/11\/Aero-rfw-descriere-1-250x117.png 250w, https:\/\/test.proterm.md\/wp-content\/uploads\/2022\/11\/Aero-rfw-descriere-1-768x361.png 768w, https:\/\/test.proterm.md\/wp-content\/uploads\/2022\/11\/Aero-rfw-descriere-1-450x211.png 450w, https:\/\/test.proterm.md\/wp-content\/uploads\/2022\/11\/Aero-rfw-descriere-1-500x235.png 500w\" sizes=\"(max-width: 1024px) 100vw, 1024px\" \/> <img decoding=\"async\" class=\"alignnone wp-image-11552 size-full\" src=\"https:\/\/test.proterm.md\/wp-content\/uploads\/2022\/11\/Aero-instalare-descriere.png\" alt=\" \" width=\"1024\" height=\"593\" srcset=\"https:\/\/test.proterm.md\/wp-content\/uploads\/2022\/11\/Aero-instalare-descriere.png 1024w, https:\/\/test.proterm.md\/wp-content\/uploads\/2022\/11\/Aero-instalare-descriere-150x87.png 150w, https:\/\/test.proterm.md\/wp-content\/uploads\/2022\/11\/Aero-instalare-descriere-250x145.png 250w, https:\/\/test.proterm.md\/wp-content\/uploads\/2022\/11\/Aero-instalare-descriere-768x445.png 768w, https:\/\/test.proterm.md\/wp-content\/uploads\/2022\/11\/Aero-instalare-descriere-450x261.png 450w, https:\/\/test.proterm.md\/wp-content\/uploads\/2022\/11\/Aero-instalare-descriere-500x290.png 500w\" sizes=\"(max-width: 1024px) 100vw, 1024px\" \/>[\/vc_column_text][\/vc_column][\/vc_row]<\/p>\n<\/div>","protected":false},"excerpt":{"rendered":"<p>Termostat TP608RFW, wireless, pentru cazan pe gaz, programabil<br \/>\nTip produs Wireless<br \/>\n<strong>Culori disponibile: alb, negru<\/strong><br \/>\nDomeniu Utilizare :Sisteme de Incalzire<br \/>\nTehnologie Wi-Fi: Da<br \/>\nCuloare: alb, display TN<br \/>\nAfisaj &#8211; permanent<br \/>\nAlimentare electrica<br \/>\nSursa de alimentare baterii &#8211; 2AA<br \/>\nTip afisare: display tactil<br \/>\nReceptor: 220V 50\/60Hz<br \/>\nFrecventa: 868Hz<br \/>\nSarcina curenta: 3A<br \/>\nConsum: &lt;0.3W<br \/>\nPrecizie: \u00b11\u2103<br \/>\nSetare Temperatura: 5\u2103-35\u2103<br \/>\nLimitare temperatura: 5\u2103-45\u2103<br \/>\nSetare Temperatura utilizare pardoseala: -5 ~ 55\u00b0C<br \/>\nCertificate: CE, RoHS<br \/>\nClasa de protectie : IP 20<br \/>\nDimensiuni:<br \/>\nCentru de control: 86*86*28mm<br \/>\nReceptor: 86*86*28mm<br \/>\n<a href=\"https:\/\/test.proterm.md\/wp-content\/uploads\/2022\/11\/Manual-romana-TP618RFW-WI-FI.pdf\" target=\"_blank\" rel=\"noopener\"><img decoding=\"async\" class=\"alignnone wp-image-7559\" src=\"https:\/\/test.proterm.md\/wp-content\/uploads\/2021\/12\/icopdf-min-300x300.png\" alt=\"\" width=\"34\" height=\"34\" srcset=\"https:\/\/test.proterm.md\/wp-content\/uploads\/2021\/12\/icopdf-min-300x300.png 300w, https:\/\/test.proterm.md\/wp-content\/uploads\/2021\/12\/icopdf-min-150x150.png 150w, https:\/\/test.proterm.md\/wp-content\/uploads\/2021\/12\/icopdf-min-250x250.png 250w, https:\/\/test.proterm.md\/wp-content\/uploads\/2021\/12\/icopdf-min-450x450.png 450w, https:\/\/test.proterm.md\/wp-content\/uploads\/2021\/12\/icopdf-min-500x500.png 500w, https:\/\/test.proterm.md\/wp-content\/uploads\/2021\/12\/icopdf-min-100x100.png 100w, https:\/\/test.proterm.md\/wp-content\/uploads\/2021\/12\/icopdf-min.png 512w\" sizes=\"(max-width: 34px) 100vw, 34px\" \/>Conectare termostat<\/a><\/p>\n","protected":false},"featured_media":15153,"template":"","meta":{"_joinchat":[]},"product_brand":[],"product_cat":[42,2221],"product_tag":[1557],"class_list":{"0":"post-11578","1":"product","2":"type-product","3":"status-publish","4":"has-post-thumbnail","6":"product_cat-automatizari_elemente_de_actionare","7":"product_cat-thermostat","8":"product_tag-toupwell","9":"pa_brand-toupwell","10":"pa_color-black","11":"pa_color-white","13":"first","14":"instock","15":"shipping-taxable","16":"product-type-simple"},"_links":{"self":[{"href":"https:\/\/test.proterm.md\/ro\/wp-json\/wp\/v2\/product\/11578","targetHints":{"allow":["GET"]}}],"collection":[{"href":"https:\/\/test.proterm.md\/ro\/wp-json\/wp\/v2\/product"}],"about":[{"href":"https:\/\/test.proterm.md\/ro\/wp-json\/wp\/v2\/types\/product"}],"wp:featuredmedia":[{"embeddable":true,"href":"https:\/\/test.proterm.md\/ro\/wp-json\/wp\/v2\/media\/15153"}],"wp:attachment":[{"href":"https:\/\/test.proterm.md\/ro\/wp-json\/wp\/v2\/media?parent=11578"}],"wp:term":[{"taxonomy":"product_brand","embeddable":true,"href":"https:\/\/test.proterm.md\/ro\/wp-json\/wp\/v2\/product_brand?post=11578"},{"taxonomy":"product_cat","embeddable":true,"href":"https:\/\/test.proterm.md\/ro\/wp-json\/wp\/v2\/product_cat?post=11578"},{"taxonomy":"product_tag","embeddable":true,"href":"https:\/\/test.proterm.md\/ro\/wp-json\/wp\/v2\/product_tag?post=11578"}],"curies":[{"name":"wp","href":"https:\/\/api.w.org\/{rel}","templated":true}]}}