{"id":11444,"date":"2025-06-13T15:26:53","date_gmt":"2025-06-13T13:26:53","guid":{"rendered":"https:\/\/test.proterm.md\/?post_type=product&#038;p=11444"},"modified":"2025-12-30T08:40:38","modified_gmt":"2025-12-30T06:40:38","slug":"pompa_caldura_6kw_kaisai_split","status":"publish","type":"product","link":"https:\/\/test.proterm.md\/ro\/product\/pompa_caldura_6kw_kaisai_split\/","title":{"rendered":"Pompa de caldura 6kW Kaisai Split KHA06+KMK06"},"content":{"rendered":"<div class=\"wpb-content-wrapper\"><p>[vc_row][vc_column][vc_column_text css_animation=&#8221;bounceIn&#8221; text_larger=&#8221;no&#8221;]Pomp\u0103 de c\u0103ldur\u0103 Split (KHA+KMK) alegerea ideal\u0103 pentru proprietarii de case, magazine, birouri \u0219i spa\u021bii de service. Toate componentele hidraulice sunt u\u0219or accesibile. Conexiunea frigorific\u0103 dintre unit\u0103\u021bile exterioare \u0219i interioare este rezistent\u0103 la \u00eenghe\u021b, chiar \u0219i \u00een timpul unei pene de curent prelungite, iar o \u00eenc\u0103rcare suplimentar\u0103 de agent frigorific este necesar\u0103 doar dac\u0103 lungimea liniilor de agent frigorific dep\u0103\u0219e\u0219te 15 m.<\/p>\n<p>Pe l\u00e2ng\u0103 posibilitatea de a conecta p\u00e2n\u0103 la 16 unit\u0103\u021bi prin protocolul MODBUS, seria Arctic v\u0103 permite \u0219i s\u0103 conecta\u021bi p\u00e2n\u0103 la 6 unit\u0103\u021bi \u00eentr-un sistem \u00een cascad\u0103. Echipamentul este prev\u0103zut cu un port USB pentru actualizarea software-ului \u0219i salvarea set\u0103rilor. Noua aplica\u021bie ComfortHome pentru tablete \u0219i telefoane v\u0103 permite s\u0103 controla\u021bi de la distan\u021b\u0103 temperaturile de alimentare \u0219i ap\u0103 cald\u0103, s\u0103 schimba\u021bi zonele \u0219i s\u0103 controla\u021bi consumul de energie electric\u0103.<\/p>\n<p>Toate componentele hidraulice sunt u\u0219or accesibile. Conexiunea frigorific\u0103 dintre unit\u0103\u021bile exterioare \u0219i interioare este rezistent\u0103 la \u00eenghe\u021b, chiar \u0219i \u00een timpul unei pene de curent prelungite, iar o \u00eenc\u0103rcare suplimentar\u0103 de agent frigorific este necesar\u0103 doar dac\u0103 lungimea liniilor de agent frigorific dep\u0103\u0219e\u0219te 15 m.[\/vc_column_text][\/vc_column][\/vc_row]<\/p>\n<\/div>","protected":false},"excerpt":{"rendered":"<p><strong>Bloc Extern<\/strong><br \/>\nSeria Arctic (KHA-06RY1) 6kW<br \/>\n\u00cenc\u0103lzire (A7W35 \u0394T = 5, 85% RH)<br \/>\nputere termic\u0103 &#8211; 6.20 (2.73 \u00f7 7.41) kW<br \/>\nconsum de energie electric\u0103 &#8211; 1.24 (0.53\u00f7 1.56) kW<br \/>\neficienta energetica (CE) &#8211; 5 (5.32 \u00f7 4.76) kW<br \/>\nCompresor rotativ TOSHIBA &#8211; GMCC<\/p>\n<p>R\u0103cire ( A35W18 \u0394T = 5 )<br \/>\ncapacitate de r\u0103cire &#8211; 6.55 kW<br \/>\nconsum de energie electric\u0103 &#8211; 1.34 kW<br \/>\nfactor de eficien\u021b\u0103 de r\u0103cire. (EER) &#8211; 4.90 kW<\/p>\n<p>TWW &#8211; Temperatura apei calde<br \/>\nClasa de eficien\u021b\u0103 energetic\u0103 a \u00eenc\u0103lzirii spa\u021biilor sezoniere<br \/>\nTWW la 35\u00b0C &#8211; clasa A +++<br \/>\nTWW la 55\u00b0C &#8211; Clasa A++<\/p>\n<p>SCOP<br \/>\nTWW la 35\u00b0C &#8211; 4,95<br \/>\nTWW la 55\u00b0\u0421 &#8211; 3.52<\/p>\n<p>Tensiune \/ num\u0103r de faze \/ frecven\u021b\u0103 &#8211; 220\u00f7240\/1\/50 V\/Ph\/Hz<br \/>\nCurent maxim de func\u021bionare &#8211; 14 A<br \/>\nNivel de putere sonor\u0103 &#8211; 58 dB(A)<br \/>\nPresiune acustic\u0103 (1m) &#8211; 45 dB(A),<br \/>\nInterval de temperatur\u0103 a aerului exterior r\u0103cire -5 ~ 43 C\u00b0<br \/>\nincalzire -25 ~ 35 C\u00b0<br \/>\nACM -25 ~ 43 C\u00b0<\/p>\n<p>Interval de temperatur\u0103 a apei de ie\u0219ire<br \/>\nracire 5 ~ 25 C\u00b0<br \/>\nincalzire 25 ~ 65 C\u00b0<br \/>\nACM 30 ~ 60 C\u00b0<br \/>\n\u00cenc\u0103lzitor electric suplimentar &#8211; 3kW<br \/>\nAgent frigorific R32<br \/>\nDimensiuni aparat latime x inaltime x lungime 1008 x 712 x 426 mm<br \/>\nGreutate &#8211; 58\/64kg<br \/>\n\u021aara de origine &#8211; Polonia<\/p>\n<p><strong>Bloc Intern<\/strong><\/p>\n<p>Model &#8211; KMK-60RY1<br \/>\nSchimb\u0103tor de c\u0103ldur\u0103 &#8211; placi<br \/>\nPompa de apa &#8211; DC Inverter reglabil \/Inaltimea max 9m<br \/>\nVolumul vasului de expansiune &#8211; 8 l<br \/>\nPrepresiune pe partea gaz &#8211; 0.3 MPa<br \/>\nSupapa de siguran\u021b\u0103 &#8211; 0.3 MPa<br \/>\nDebitmetru &#8211; 0,36 m3\/h<br \/>\nVolum sistem intern &#8211; 5 l<br \/>\nAlimentare 220\u00f7240\/1\/50 V\/Ph\/Hz<br \/>\nCurentul maximal &#8211; 14.3 A<br \/>\n\u00cenc\u0103lzitor electric auxiliar &#8211; putere electrica 3 kW<br \/>\nNivel de putere sonor\u0103 38 dB (A)<br \/>\nNivel de presiune acustic\u0103 28 dB (A)<br \/>\nInterval de temperatur\u0103 a apei de ie\u0219ire (LWT)<br \/>\nr\u0103cire 5 ~ 25 \u00b0C<br \/>\n\u00eenc\u0103lzire 25 ~ 65 \u00b0C<br \/>\nACM 30 ~ 60 \u00b0C<br \/>\nInterval de temperatur\u0103 a camerei 5 ~ 35 \u00b0C<br \/>\nDimensiuni dispozitiv L x H x L mm 420 x 790 x 270<br \/>\nGreutate dispozitiv \/ ambalaj 37\/43 kg<\/p>\n<p>Datele tehnice de mai sus sunt \u00een conformitate cu standardele EN14511; EN14825; EN50564; EN12102; (UE) Nr. 811: 2013; (UE) Nr. 813: 2013; JO 2014\/C 207\/02: 2014. Eficien\u021ba sezonier\u0103 a \u00eenc\u0103lzirii SKOP se bazeaz\u0103 pe condi\u021biile climatice temperate. Nivelul puterii sonore \u00een modul de \u00eenc\u0103lzire dat \u00een conformitate cu EN 12102 \u00een condi\u021biile conform EN 14825;<\/p>\n<p><a href=\"https:\/\/test.proterm.md\/wp-content\/uploads\/2022\/09\/Cerificate-EU.pdf\" target=\"_blank\" rel=\"noopener\"><img decoding=\"async\" class=\"alignnone wp-image-7559\" src=\"https:\/\/test.proterm.md\/wp-content\/uploads\/2021\/12\/icopdf-min-250x250.png\" alt=\"\" width=\"32\" height=\"32\" srcset=\"https:\/\/test.proterm.md\/wp-content\/uploads\/2021\/12\/icopdf-min-250x250.png 250w, https:\/\/test.proterm.md\/wp-content\/uploads\/2021\/12\/icopdf-min-150x150.png 150w, https:\/\/test.proterm.md\/wp-content\/uploads\/2021\/12\/icopdf-min-450x450.png 450w, https:\/\/test.proterm.md\/wp-content\/uploads\/2021\/12\/icopdf-min-300x300.png 300w, https:\/\/test.proterm.md\/wp-content\/uploads\/2021\/12\/icopdf-min-500x500.png 500w, https:\/\/test.proterm.md\/wp-content\/uploads\/2021\/12\/icopdf-min-100x100.png 100w, https:\/\/test.proterm.md\/wp-content\/uploads\/2021\/12\/icopdf-min.png 512w\" sizes=\"(max-width: 32px) 100vw, 32px\" \/>Cerificate EU Kaisai<\/a><\/p>\n<p><a href=\"https:\/\/test.proterm.md\/wp-content\/uploads\/2022\/09\/Cerificate-EU.pdf\" target=\"_blank\" rel=\"noopener\"><img decoding=\"async\" class=\"alignnone wp-image-7559\" src=\"https:\/\/test.proterm.md\/wp-content\/uploads\/2021\/12\/icopdf-min-250x250.png\" alt=\"\" width=\"32\" height=\"32\" srcset=\"https:\/\/test.proterm.md\/wp-content\/uploads\/2021\/12\/icopdf-min-250x250.png 250w, https:\/\/test.proterm.md\/wp-content\/uploads\/2021\/12\/icopdf-min-150x150.png 150w, https:\/\/test.proterm.md\/wp-content\/uploads\/2021\/12\/icopdf-min-450x450.png 450w, https:\/\/test.proterm.md\/wp-content\/uploads\/2021\/12\/icopdf-min-300x300.png 300w, https:\/\/test.proterm.md\/wp-content\/uploads\/2021\/12\/icopdf-min-500x500.png 500w, https:\/\/test.proterm.md\/wp-content\/uploads\/2021\/12\/icopdf-min-100x100.png 100w, https:\/\/test.proterm.md\/wp-content\/uploads\/2021\/12\/icopdf-min.png 512w\" sizes=\"(max-width: 32px) 100vw, 32px\" \/><\/a><a href=\"https:\/\/test.proterm.md\/wp-content\/uploads\/2022\/09\/Date tehnice Kaisai pompe caldura.pdf\" target=\"_blank\" rel=\"noopener\">Date tehnice KAISAI PDF<\/a><\/p>\n<p><a href=\"https:\/\/test.proterm.md\/wp-content\/uploads\/2022\/09\/Cerificate-EU.pdf\" target=\"_blank\" rel=\"noopener\"><img decoding=\"async\" class=\"alignnone wp-image-7559\" src=\"https:\/\/test.proterm.md\/wp-content\/uploads\/2021\/12\/icopdf-min-250x250.png\" alt=\"\" width=\"32\" height=\"32\" srcset=\"https:\/\/test.proterm.md\/wp-content\/uploads\/2021\/12\/icopdf-min-250x250.png 250w, https:\/\/test.proterm.md\/wp-content\/uploads\/2021\/12\/icopdf-min-150x150.png 150w, https:\/\/test.proterm.md\/wp-content\/uploads\/2021\/12\/icopdf-min-450x450.png 450w, https:\/\/test.proterm.md\/wp-content\/uploads\/2021\/12\/icopdf-min-300x300.png 300w, https:\/\/test.proterm.md\/wp-content\/uploads\/2021\/12\/icopdf-min-500x500.png 500w, https:\/\/test.proterm.md\/wp-content\/uploads\/2021\/12\/icopdf-min-100x100.png 100w, https:\/\/test.proterm.md\/wp-content\/uploads\/2021\/12\/icopdf-min.png 512w\" sizes=\"(max-width: 32px) 100vw, 32px\" \/><\/a><a href=\"https:\/\/test.proterm.md\/wp-content\/uploads\/2025\/06\/Manual-de-operare.pdf\" target=\"_blank\" rel=\"noopener\">Manual de operare<\/a><\/p>\n<p>&nbsp;<\/p>\n","protected":false},"featured_media":11446,"template":"","meta":{"_joinchat":[]},"product_brand":[],"product_cat":[1467],"product_tag":[1492],"class_list":{"0":"post-11444","1":"product","2":"type-product","3":"status-publish","4":"has-post-thumbnail","6":"product_cat-pompa_caldura","7":"product_tag-kaisay_brand","8":"pa_brand-kaisay_brand","9":"pa_heat-pump-split","10":"pa_power-boiler-kw-1473","11":"pa_sales-sales","12":"pa_tensiunea_de_alimentare-220240v","14":"first","15":"instock","16":"shipping-taxable","17":"product-type-simple"},"_links":{"self":[{"href":"https:\/\/test.proterm.md\/ro\/wp-json\/wp\/v2\/product\/11444","targetHints":{"allow":["GET"]}}],"collection":[{"href":"https:\/\/test.proterm.md\/ro\/wp-json\/wp\/v2\/product"}],"about":[{"href":"https:\/\/test.proterm.md\/ro\/wp-json\/wp\/v2\/types\/product"}],"wp:featuredmedia":[{"embeddable":true,"href":"https:\/\/test.proterm.md\/ro\/wp-json\/wp\/v2\/media\/11446"}],"wp:attachment":[{"href":"https:\/\/test.proterm.md\/ro\/wp-json\/wp\/v2\/media?parent=11444"}],"wp:term":[{"taxonomy":"product_brand","embeddable":true,"href":"https:\/\/test.proterm.md\/ro\/wp-json\/wp\/v2\/product_brand?post=11444"},{"taxonomy":"product_cat","embeddable":true,"href":"https:\/\/test.proterm.md\/ro\/wp-json\/wp\/v2\/product_cat?post=11444"},{"taxonomy":"product_tag","embeddable":true,"href":"https:\/\/test.proterm.md\/ro\/wp-json\/wp\/v2\/product_tag?post=11444"}],"curies":[{"name":"wp","href":"https:\/\/api.w.org\/{rel}","templated":true}]}}