{"id":11433,"date":"2025-06-13T15:22:19","date_gmt":"2025-06-13T13:22:19","guid":{"rendered":"https:\/\/test.proterm.md\/?post_type=product&#038;p=11433"},"modified":"2025-06-13T15:22:19","modified_gmt":"2025-06-13T13:22:19","slug":"pompa-de-caldura-10kw-kaisai-monobloc","status":"publish","type":"product","link":"https:\/\/test.proterm.md\/ro\/product\/pompa-de-caldura-10kw-kaisai-monobloc\/","title":{"rendered":"Pompa de caldura 10kW Kaisai monobloc"},"content":{"rendered":"<div class=\"wpb-content-wrapper\"><p>[vc_row][vc_column][vc_column_text css_animation=&#8221;bounceIn&#8221; text_larger=&#8221;no&#8221;]6 moduri de func\u021bionare: \u00cenc\u0103lzire\/R\u0103cire\/ACM\/\u00cenc\u0103lzire+ACM\/R\u0103cire+ACM\/AUTO<br \/>\nProtocolul Modbus RTU<br \/>\nDesign compact (modul hidraulic complet pentru func\u021bionarea \u00eenc\u0103lzirii centrale: pomp\u0103 de circula\u021bie, rezervor de expansiune, supap\u0103 de siguran\u021b\u0103, supap\u0103 de evacuare, senzor de debit ca standard)<br \/>\nSuport pentru 2 circuite de incalzire &#8211; standard<br \/>\nTav\u0103 \u00eenc\u0103lzit\u0103 standard<br \/>\n\u00cenc\u0103lzitor electric suplimentar<br \/>\nControler cu fir inclus<br \/>\nAdaptat pentru a lucra cu solu\u021bie de glicol<br \/>\nAcoperire anticoroziv\u0103 a lamelelor<br \/>\nLucreaz\u0103 prin re\u021bea wireless WiFi*[\/vc_column_text][\/vc_column][\/vc_row]<\/p>\n<\/div>","protected":false},"excerpt":{"rendered":"<p>Seria Arctic (KHC-10RY3) 10 kW<br \/>\n\u00cenc\u0103lzire (A7W35 \u0394T = 5, 85% RH)<br \/>\nputere termic\u0103 &#8211; 10,0 (3,81 \u00f7 10,3) kW<br \/>\nconsum de energie electric\u0103 &#8211; 2,02 (0,71\u00f7 2,09) kW<br \/>\neficienta energetica (CE) &#8211; 4,95 (5,39 \u00f7 4,93) kW<br \/>\nCompresor rotativ TOSHIBA &#8211; GMCC<\/p>\n<p>R\u0103cire ( A35W18 \u0394T = 5 )<br \/>\ncapacitate de racire &#8211; 9,90 kW<br \/>\nconsum de energie electric\u0103 &#8211; 2,18 kW<br \/>\nfactor de eficien\u021b\u0103 de r\u0103cire. (EER) &#8211; 4,55 kW<\/p>\n<p>Clasa de eficien\u021b\u0103 energetic\u0103 a \u00eenc\u0103lzirii spa\u021biilor sezoniere<br \/>\n<strong>TWW la 35\u00b0C &#8211; <strong>clasa A +++<\/strong><br \/>\nTWW la 55\u00b0C &#8211; <strong>Clasa A++<\/strong><\/strong><\/p>\n<p>SCOP<br \/>\nTWW la 35\u00b0C &#8211; 5,20<br \/>\nTWW la 55\u00b0\u0421 &#8211; 3,47<\/p>\n<p>Tensiune \/ num\u0103r de faze \/ frecven\u021b\u0103 &#8211; 380\u00f7 415\/3\/50 V\/Ph\/Hz<br \/>\nCurent maxim de func\u021bionare 27 A<br \/>\nNivel de putere sonor\u0103 &#8211; 60 dB(A)<br \/>\nPresiune acustic\u0103 (1m) &#8211; 49 dB(A),<br \/>\nInterval de temperatur\u0103 a aerului exterior r\u0103cire -5 ~ 43 C\u00b0<br \/>\nincalzire -25 ~ 35 C\u00b0<br \/>\nACM -25 ~ 43 C\u00b0<\/p>\n<p>Interval de temperatur\u0103 a apei de ie\u0219ire<br \/>\nracire 5 ~ 25 C\u00b0<br \/>\nincalzire 25 ~ 65 C\u00b0<br \/>\nACM 30 ~ 60 C\u00b0<br \/>\n\u00cenc\u0103lzitor electric suplimentar &#8211; 3kW<br \/>\nRacord apa \u00d8 G5\/4<br \/>\nAgent frigorific R32<br \/>\nDimensiuni aparat latime x inaltime x lungime 1385 x 945 x 526 mm<br \/>\nGreutate &#8211; 121\/148 kg<br \/>\n\u021aara de origine &#8211; Polonia<\/p>\n<p>Datele tehnice de mai sus sunt \u00een conformitate cu standardele EN14511; EN14825; EN50564; EN12102; (UE) Nr. 811: 2013; (UE) Nr. 813: 2013; JO 2014\/C 207\/02: 2014. Eficien\u021ba sezonier\u0103 a \u00eenc\u0103lzirii SKOP se bazeaz\u0103 pe condi\u021biile climatice temperate. Nivelul puterii sonore \u00een modul de \u00eenc\u0103lzire dat \u00een conformitate cu EN 12102 \u00een condi\u021biile conform EN 14825;<\/p>\n<p><a href=\"https:\/\/test.proterm.md\/wp-content\/uploads\/2022\/09\/Cerificate-EU.pdf\" target=\"_blank\" rel=\"noopener\">Cerificate EU Kaisai<\/a><\/p>\n<p><a href=\"https:\/\/test.proterm.md\/wp-content\/uploads\/2022\/09\/Date tehnice Kaisai pompe caldura.pdf\" target=\"_blank\" rel=\"noopener\">Date tehnice KAISAI PDF<\/a><\/p>\n","protected":false},"featured_media":11430,"template":"","meta":{"_joinchat":[]},"product_brand":[],"product_cat":[1467],"product_tag":[1492],"class_list":{"0":"post-11433","1":"product","2":"type-product","3":"status-publish","4":"has-post-thumbnail","6":"product_cat-pompa_caldura","7":"product_tag-kaisay_brand","8":"pa_brand-kaisay_brand","9":"pa_heat-pump-monobloc","10":"pa_power-boiler-kw-1508","11":"pa_sales-sales","12":"pa_tensiunea_de_alimentare-380415v","14":"first","15":"instock","16":"shipping-taxable","17":"product-type-simple"},"_links":{"self":[{"href":"https:\/\/test.proterm.md\/ro\/wp-json\/wp\/v2\/product\/11433","targetHints":{"allow":["GET"]}}],"collection":[{"href":"https:\/\/test.proterm.md\/ro\/wp-json\/wp\/v2\/product"}],"about":[{"href":"https:\/\/test.proterm.md\/ro\/wp-json\/wp\/v2\/types\/product"}],"wp:featuredmedia":[{"embeddable":true,"href":"https:\/\/test.proterm.md\/ro\/wp-json\/wp\/v2\/media\/11430"}],"wp:attachment":[{"href":"https:\/\/test.proterm.md\/ro\/wp-json\/wp\/v2\/media?parent=11433"}],"wp:term":[{"taxonomy":"product_brand","embeddable":true,"href":"https:\/\/test.proterm.md\/ro\/wp-json\/wp\/v2\/product_brand?post=11433"},{"taxonomy":"product_cat","embeddable":true,"href":"https:\/\/test.proterm.md\/ro\/wp-json\/wp\/v2\/product_cat?post=11433"},{"taxonomy":"product_tag","embeddable":true,"href":"https:\/\/test.proterm.md\/ro\/wp-json\/wp\/v2\/product_tag?post=11433"}],"curies":[{"name":"wp","href":"https:\/\/api.w.org\/{rel}","templated":true}]}}