{"id":11411,"date":"2022-09-07T11:46:33","date_gmt":"2022-09-07T09:46:33","guid":{"rendered":"https:\/\/test.proterm.md\/?post_type=product&#038;p=11411"},"modified":"2025-05-30T14:05:08","modified_gmt":"2025-05-30T12:05:08","slug":"separator-de-aer-power-vent","status":"publish","type":"product","link":"https:\/\/test.proterm.md\/ro\/product\/separator-de-aer-power-vent\/","title":{"rendered":"Separator de aer 1&#8243;HCE POWER Vent"},"content":{"rendered":"<p>Cartu\u0219ul inovator Air Trap, const\u00e2nd dintr-o camer\u0103 din o\u021bel inoxidabil, garanteaz\u0103 durabilitate excep\u021bional\u0103 \u0219i fiabilitate maxim\u0103 \u00een condi\u021bii variate de presiune \u0219i temperatur\u0103. Fata de orice alta alegere posibila, aceasta este cea mai rezistenta la coroziune si uzura cauzata de impuritati (a caror natura este intotdeauna imprevizibila). Cartu\u0219ul este expus direct fluxului, iar modific\u0103rile continue ale sec\u021biunii transversale produse de sistemul cilindrului filtrant creeaz\u0103 varteje care elibereaz\u0103 microbule. De asemenea, ofer\u0103 o rezisten\u021b\u0103 redus\u0103 la curgere (c\u0103dere de presiune foarte mic\u0103). Aceste microbule se depun \u00een interiorul cartu\u015fului Air Trap \u0219i odat\u0103 ce ating dimensiunea necesar\u0103, se ridic\u0103 \u0219i sunt \u00eendep\u0103rtate din partea pasiv\u0103 a dispozitivului. Cartu\u0219 inovator de captare a aerului const\u00e2nd dintr-o camer\u0103 din o\u021bel inoxidabil pentru o via\u021b\u0103 excep\u021bional\u0103 \u0219i fiabilitate maxim\u0103 \u00een condi\u021bii variate de presiune \u0219i temperatur\u0103. Cartu\u0219ul Air Trap ofer\u0103 o rezisten\u021b\u0103 mai mare la coroziune \u0219i uzur\u0103 din cauza impurit\u0103\u021bilor (a c\u0103ror natur\u0103 este \u00eentotdeauna imprevizibil\u0103) dec\u00e2t orice alt sistem disponibil pe pia\u021b\u0103. Fluxul trece direct prin cartu\u0219, iar sistemul cilindrului filtrant provoac\u0103 modific\u0103ri continue ale sec\u021biunii transversale, cre\u00e2nd turbulen\u021be care favorizeaz\u0103 eliberarea de microbule. \u00cen plus, cartu\u015ful ofer\u0103 o rezisten\u0163\u0103 redus\u0103 la curgere (c\u0103dere sc\u0103zut\u0103 de presiune). Microbulele se depun \u00een interiorul cartu\u0219ului de captare a aerului \u0219i, dup\u0103 ce au atins o dimensiune adecvat\u0103, se deplaseaz\u0103 \u00een sus \u0219i sunt ejectate prin partea pasiv\u0103 a dispozitivului.<\/p>","protected":false},"excerpt":{"rendered":"<p>Separator de aer POWER VENT<br \/>\nCorp din alam\u0103<br \/>\nDispozitiv de aerisire reglabil<br \/>\nGarnituri hidraulice din elastomer<br \/>\nRacorduri filetate FF UNI-EN-ISO 228<br \/>\nSifon integrat 1\/2 &#8221;<br \/>\nPmax de refulare: 10 bar<br \/>\nPmax de func\u021bionare: 10 bar<br \/>\nTemperatura maxima de lucru: 110\u00b0C<br \/>\nDiametru : 1 &#8222;F x 1&#8221; F<br \/>\nTara producatoare &#8211; Italia<\/p>\n","protected":false},"featured_media":11412,"template":"","meta":{"_joinchat":[]},"product_brand":[],"product_cat":[116,123,2319],"product_tag":[1501],"class_list":{"0":"post-11411","1":"product","2":"type-product","3":"status-publish","4":"has-post-thumbnail","6":"product_cat-filtru_apa","7":"product_cat-piese_de_schimb_centrale_termice","8":"product_cat-cazangerii","9":"product_tag-hce_brand","10":"pa_brand-hce_brand","11":"pa_filet-443","12":"pa_thread-type-inside","14":"first","15":"instock","16":"shipping-taxable","17":"product-type-simple"},"_links":{"self":[{"href":"https:\/\/test.proterm.md\/ro\/wp-json\/wp\/v2\/product\/11411","targetHints":{"allow":["GET"]}}],"collection":[{"href":"https:\/\/test.proterm.md\/ro\/wp-json\/wp\/v2\/product"}],"about":[{"href":"https:\/\/test.proterm.md\/ro\/wp-json\/wp\/v2\/types\/product"}],"wp:featuredmedia":[{"embeddable":true,"href":"https:\/\/test.proterm.md\/ro\/wp-json\/wp\/v2\/media\/11412"}],"wp:attachment":[{"href":"https:\/\/test.proterm.md\/ro\/wp-json\/wp\/v2\/media?parent=11411"}],"wp:term":[{"taxonomy":"product_brand","embeddable":true,"href":"https:\/\/test.proterm.md\/ro\/wp-json\/wp\/v2\/product_brand?post=11411"},{"taxonomy":"product_cat","embeddable":true,"href":"https:\/\/test.proterm.md\/ro\/wp-json\/wp\/v2\/product_cat?post=11411"},{"taxonomy":"product_tag","embeddable":true,"href":"https:\/\/test.proterm.md\/ro\/wp-json\/wp\/v2\/product_tag?post=11411"}],"curies":[{"name":"wp","href":"https:\/\/api.w.org\/{rel}","templated":true}]}}