{"id":11259,"date":"2022-07-29T14:45:04","date_gmt":"2022-07-29T12:45:04","guid":{"rendered":"https:\/\/test.proterm.md\/?post_type=product&#038;p=11259"},"modified":"2025-10-03T09:00:46","modified_gmt":"2025-10-03T07:00:46","slug":"boiler_drazice_okc-200-ntrr-bp","status":"publish","type":"product","link":"https:\/\/test.proterm.md\/ro\/product\/boiler_drazice_okc-200-ntrr-bp\/","title":{"rendered":"Boiler OKC 200 NTRR\/BP"},"content":{"rendered":"<div class=\"wpb-content-wrapper\"><p>[vc_row][vc_column][vc_column_text css_animation=&#8221;bounceIn&#8221; text_larger=&#8221;no&#8221;]\u00cenc\u0103lzirea apei cu o temperatur\u0103 maxim\u0103 de 110 \u00b0C \u0219i o presiune de 1 MPa poate fi utilizat\u0103 pentru a prepara ap\u0103 cald\u0103<br \/>\nCazanul este echipat cu o flan\u0219\u0103 lateral\u0103 care serve\u0219te drept gaur\u0103 de inspec\u021bie.<br \/>\nPrepararea apei calde menajere folosind apa de incalzire, sau in combinatie cu incalzirea electrica pentru instalatii medii si mari, alimentare cu apa de rezerva a statiilor schimbatoare de caldura, surse alternative mai mari de energie etc.<br \/>\nCazan sta\u021bionar cu flan\u0219\u0103 lateral\u0103 \u0219i dou\u0103 schimb\u0103toare de c\u0103ldur\u0103 potrivite pentru multe surse de c\u0103ldur\u0103 diferite. Posibilitatea instalarii unui element de incalzire TT (element electric de incalzire TPK sau TJ 6\/4&#8243;).[\/vc_column_text][\/vc_column][\/vc_row]<\/p>\n<\/div>","protected":false},"excerpt":{"rendered":"<p>Producator: Drazice<br \/>\nSeria: OKC<br \/>\nVolum, l 200<br \/>\nGreutate (kg): 103<br \/>\n\u00cenveli\u0219 interior al rezervorului: email<br \/>\nTimp de \u00eenc\u0103lzire: 180 min<br \/>\n\u00cen\u0103l\u021bime (mm): 1460<br \/>\nDimensiuni (HxLxD) 52,4&#215;88,1&#215;52,4 cm<br \/>\nLungime (mm): 660<br \/>\nSursa de energie: indirecta<br \/>\nCoeff. electr. securitate: IP 111<br \/>\nAnod de magneziu: +<br \/>\nTemperatura maxima a apei: 90\u00b0C<br \/>\nElemente de \u00eenc\u0103lzire: 1<br \/>\nComenzi: fata<br \/>\nAlimentare: nevolatil\u0103<br \/>\nAlimentare cu ap\u0103: sub presiune<br \/>\nTara de fabricatie: Republica Ceha<br \/>\nTip element de \u00eenc\u0103lzire: schimb\u0103tor de c\u0103ldur\u0103<br \/>\nTip: acumulativ<br \/>\nManagement: mecanic<br \/>\nInstalare: vertical\u0103<br \/>\nForma corpului: cilindric\u0103<br \/>\nFunctii: regulator de temperatura, protectie la supraincalzire, protectie la inghet, protectie la suprapresiune<br \/>\nLatime (mm): 660<br \/>\n<a href=\"https:\/\/test.proterm.md\/wp-content\/uploads\/2022\/07\/OKC-NTRRBP.pdf\" target=\"_blank\" rel=\"noopener\"><img decoding=\"async\" class=\"alignnone wp-image-7559\" src=\"https:\/\/test.proterm.md\/wp-content\/uploads\/2021\/12\/icopdf-min-300x300.png\" alt=\"\" width=\"25\" height=\"25\" srcset=\"https:\/\/test.proterm.md\/wp-content\/uploads\/2021\/12\/icopdf-min-300x300.png 300w, https:\/\/test.proterm.md\/wp-content\/uploads\/2021\/12\/icopdf-min-150x150.png 150w, https:\/\/test.proterm.md\/wp-content\/uploads\/2021\/12\/icopdf-min-250x250.png 250w, https:\/\/test.proterm.md\/wp-content\/uploads\/2021\/12\/icopdf-min-450x450.png 450w, https:\/\/test.proterm.md\/wp-content\/uploads\/2021\/12\/icopdf-min-500x500.png 500w, https:\/\/test.proterm.md\/wp-content\/uploads\/2021\/12\/icopdf-min-100x100.png 100w, https:\/\/test.proterm.md\/wp-content\/uploads\/2021\/12\/icopdf-min.png 512w\" sizes=\"(max-width: 25px) 100vw, 25px\" \/>Instruc\u021biuni de utilizare \u0219i instalare<\/a><\/p>\n","protected":false},"featured_media":3592,"template":"","meta":{"_joinchat":[]},"product_brand":[],"product_cat":[39,97],"product_tag":[219],"class_list":{"0":"post-11259","1":"product","2":"type-product","3":"status-publish","4":"has-post-thumbnail","6":"product_cat-boiler","7":"product_cat-boiler_drazice","8":"product_tag-drazice","9":"pa_brand-drazice","10":"pa_name-boiler-drazice","11":"pa_number-serpents-213","12":"pa_tip-boilers-thermal","13":"pa_volume-225","15":"first","16":"instock","17":"shipping-taxable","18":"product-type-simple"},"_links":{"self":[{"href":"https:\/\/test.proterm.md\/ro\/wp-json\/wp\/v2\/product\/11259","targetHints":{"allow":["GET"]}}],"collection":[{"href":"https:\/\/test.proterm.md\/ro\/wp-json\/wp\/v2\/product"}],"about":[{"href":"https:\/\/test.proterm.md\/ro\/wp-json\/wp\/v2\/types\/product"}],"wp:featuredmedia":[{"embeddable":true,"href":"https:\/\/test.proterm.md\/ro\/wp-json\/wp\/v2\/media\/3592"}],"wp:attachment":[{"href":"https:\/\/test.proterm.md\/ro\/wp-json\/wp\/v2\/media?parent=11259"}],"wp:term":[{"taxonomy":"product_brand","embeddable":true,"href":"https:\/\/test.proterm.md\/ro\/wp-json\/wp\/v2\/product_brand?post=11259"},{"taxonomy":"product_cat","embeddable":true,"href":"https:\/\/test.proterm.md\/ro\/wp-json\/wp\/v2\/product_cat?post=11259"},{"taxonomy":"product_tag","embeddable":true,"href":"https:\/\/test.proterm.md\/ro\/wp-json\/wp\/v2\/product_tag?post=11259"}],"curies":[{"name":"wp","href":"https:\/\/api.w.org\/{rel}","templated":true}]}}