{"id":10379,"date":"2022-03-28T12:24:14","date_gmt":"2022-03-28T10:24:14","guid":{"rendered":"https:\/\/test.proterm.md\/?post_type=product&#038;p=10379"},"modified":"2025-05-30T14:05:40","modified_gmt":"2025-05-30T12:05:40","slug":"boiler-okc-160-ntr-bp","status":"publish","type":"product","link":"https:\/\/test.proterm.md\/ro\/product\/boiler-okc-160-ntr-bp\/","title":{"rendered":"Boiler OKC 160 NTR\/BP"},"content":{"rendered":"<div class=\"wpb-content-wrapper\"><p>[vc_row][vc_column][vc_column_text css_animation=&#8221;bounceIn&#8221; text_larger=&#8221;no&#8221;]C\u00e2nd folosi\u021bi un rezervor de stocare solar, exist\u0103 o priz\u0103 de 6\/4-inch pentru rezervoare de stocare mai mari de 200 de litri, situat\u0103 deasupra schimb\u0103torului de c\u0103ldur\u0103 solar pentru \u00eenc\u0103lzitorul electric TJ din sec\u021biunea accesorii.[\/vc_column_text][\/vc_column][\/vc_row]<\/p>\n<\/div>","protected":false},"excerpt":{"rendered":"<p>volum &#8211; 148 l<br \/>\nclasa de eficien\u021b\u0103 energetic\u0103 a \u00eenc\u0103lzirii apei calde &#8211; C<br \/>\nMax. presiunea de lucru &#8211; 6 bari<br \/>\nMax. temperatura de lucru &#8211; 90 \u00b0 \u0421<br \/>\ntimpul de \u00eenc\u0103lzire al schimb\u0103torului de c\u0103ldur\u0103 &#8211; 26 min (de la 10 la 60 \u00b0 C)<br \/>\nTensiune &#8211; 230 V<br \/>\nfrecven\u021b\u0103 &#8211; 50 Hz<br \/>\ndiametru &#8211; 584 mm<br \/>\n\u00een\u0103l\u021bime &#8211; 1.047 m<br \/>\ngreutate &#8211; 76 kg<br \/>\nSuprafa\u021ba schimb\u0103torului de c\u0103ldur\u0103 &#8211; 1,45 m2<br \/>\nconexiune schimb\u0103tor de c\u0103ldur\u0103 &#8211; lateral<br \/>\nnum\u0103r de schimb\u0103toare &#8211; 1<br \/>\n<img decoding=\"async\" class=\"alignnone  wp-image-7559\" src=\"https:\/\/test.proterm.md\/wp-content\/uploads\/2021\/12\/icopdf-min-300x300.png\" alt=\"\" width=\"25\" height=\"25\" srcset=\"https:\/\/test.proterm.md\/wp-content\/uploads\/2021\/12\/icopdf-min-300x300.png 300w, https:\/\/test.proterm.md\/wp-content\/uploads\/2021\/12\/icopdf-min-150x150.png 150w, https:\/\/test.proterm.md\/wp-content\/uploads\/2021\/12\/icopdf-min-250x250.png 250w, https:\/\/test.proterm.md\/wp-content\/uploads\/2021\/12\/icopdf-min-450x450.png 450w, https:\/\/test.proterm.md\/wp-content\/uploads\/2021\/12\/icopdf-min-500x500.png 500w, https:\/\/test.proterm.md\/wp-content\/uploads\/2021\/12\/icopdf-min-100x100.png 100w, https:\/\/test.proterm.md\/wp-content\/uploads\/2021\/12\/icopdf-min.png 512w\" sizes=\"(max-width: 25px) 100vw, 25px\" \/><a href=\"https:\/\/test.proterm.md\/wp-content\/uploads\/2022\/11\/OKC_160-1000_NTR-R_BP.pdf\" target=\"_blank\" rel=\"noopener\">Date tehnice<\/a><\/p>\n","protected":false},"featured_media":3623,"template":"","meta":{"_joinchat":[]},"product_brand":[],"product_cat":[39,97],"product_tag":[219],"class_list":{"0":"post-10379","1":"product","2":"type-product","3":"status-publish","4":"has-post-thumbnail","6":"product_cat-boiler","7":"product_cat-boiler_drazice","8":"product_tag-drazice","9":"pa_brand-drazice","10":"pa_name-boiler-drazice","11":"pa_number-serpents-212","12":"pa_tip-boilers-thermo-electric","13":"pa_volume-224","15":"first","16":"instock","17":"shipping-taxable","18":"product-type-simple"},"_links":{"self":[{"href":"https:\/\/test.proterm.md\/ro\/wp-json\/wp\/v2\/product\/10379","targetHints":{"allow":["GET"]}}],"collection":[{"href":"https:\/\/test.proterm.md\/ro\/wp-json\/wp\/v2\/product"}],"about":[{"href":"https:\/\/test.proterm.md\/ro\/wp-json\/wp\/v2\/types\/product"}],"wp:featuredmedia":[{"embeddable":true,"href":"https:\/\/test.proterm.md\/ro\/wp-json\/wp\/v2\/media\/3623"}],"wp:attachment":[{"href":"https:\/\/test.proterm.md\/ro\/wp-json\/wp\/v2\/media?parent=10379"}],"wp:term":[{"taxonomy":"product_brand","embeddable":true,"href":"https:\/\/test.proterm.md\/ro\/wp-json\/wp\/v2\/product_brand?post=10379"},{"taxonomy":"product_cat","embeddable":true,"href":"https:\/\/test.proterm.md\/ro\/wp-json\/wp\/v2\/product_cat?post=10379"},{"taxonomy":"product_tag","embeddable":true,"href":"https:\/\/test.proterm.md\/ro\/wp-json\/wp\/v2\/product_tag?post=10379"}],"curies":[{"name":"wp","href":"https:\/\/api.w.org\/{rel}","templated":true}]}}