{"id":10371,"date":"2022-03-28T09:06:32","date_gmt":"2022-03-28T07:06:32","guid":{"rendered":"https:\/\/test.proterm.md\/?post_type=product&#038;p=10371"},"modified":"2025-05-30T14:05:40","modified_gmt":"2025-05-30T12:05:40","slug":"reductor-de-presiune-klepsan-1-f-m","status":"publish","type":"product","link":"https:\/\/test.proterm.md\/ro\/product\/reductor-de-presiune-klepsan-1-f-m\/","title":{"rendered":"Reductor de presiune Klepsan 1&#8243; F\/M"},"content":{"rendered":"<p>Practic, reductoarele de presiune sunt instalate \u00een conductele de ap\u0103 menajer\u0103. Atunci c\u00e2nd alege\u021bi diametrul reductorului, este necesar, \u00een primul r\u00e2nd, s\u0103 v\u0103 concentra\u021bi asupra debitului de ap\u0103 din apartament.<\/p>","protected":false},"excerpt":{"rendered":"<p>Presiunea maxim\u0103 de admisie este &#8211; 25 bar.<br \/>\nDomeniu de reglare &#8211; 0.5 \u00f7 6 bar.<br \/>\nTemperatura maxim\u0103 este de &#8211; 80\u00b0C.<br \/>\nDimensiune: 1&#8243; F\/M<br \/>\nProducator: Klipsan Turcia.<\/p>\n","protected":false},"featured_media":10374,"template":"","meta":{"_joinchat":[]},"product_brand":[],"product_cat":[115,71],"product_tag":[1555],"class_list":{"0":"post-10371","1":"product","2":"type-product","3":"status-publish","4":"has-post-thumbnail","6":"product_cat-reductor_presiune","7":"product_cat-robineti_racorduri","8":"product_tag-klepsan","9":"pa_brand-klepsan","10":"pa_filet-443","11":"pa_thread-type-combined","13":"first","14":"instock","15":"shipping-taxable","16":"product-type-simple"},"_links":{"self":[{"href":"https:\/\/test.proterm.md\/ro\/wp-json\/wp\/v2\/product\/10371","targetHints":{"allow":["GET"]}}],"collection":[{"href":"https:\/\/test.proterm.md\/ro\/wp-json\/wp\/v2\/product"}],"about":[{"href":"https:\/\/test.proterm.md\/ro\/wp-json\/wp\/v2\/types\/product"}],"wp:featuredmedia":[{"embeddable":true,"href":"https:\/\/test.proterm.md\/ro\/wp-json\/wp\/v2\/media\/10374"}],"wp:attachment":[{"href":"https:\/\/test.proterm.md\/ro\/wp-json\/wp\/v2\/media?parent=10371"}],"wp:term":[{"taxonomy":"product_brand","embeddable":true,"href":"https:\/\/test.proterm.md\/ro\/wp-json\/wp\/v2\/product_brand?post=10371"},{"taxonomy":"product_cat","embeddable":true,"href":"https:\/\/test.proterm.md\/ro\/wp-json\/wp\/v2\/product_cat?post=10371"},{"taxonomy":"product_tag","embeddable":true,"href":"https:\/\/test.proterm.md\/ro\/wp-json\/wp\/v2\/product_tag?post=10371"}],"curies":[{"name":"wp","href":"https:\/\/api.w.org\/{rel}","templated":true}]}}