{"id":10353,"date":"2022-03-26T09:22:38","date_gmt":"2022-03-26T07:22:38","guid":{"rendered":"https:\/\/test.proterm.md\/?post_type=product&#038;p=10353"},"modified":"2025-05-30T14:05:41","modified_gmt":"2025-05-30T12:05:41","slug":"supapa-de-siguranta-reglabila-3-4f-f","status":"publish","type":"product","link":"https:\/\/test.proterm.md\/ro\/product\/supapa-de-siguranta-reglabila-3-4f-f\/","title":{"rendered":"Supap\u0103 de siguranta reglabila &#8211; 3\/4&#8243;F\/F"},"content":{"rendered":"<p><br \/>\nSupapele de re\u021binere sunt unidirec\u021bionale, asta \u00eensemna controlul debitului \u00eentr-o singur\u0103 direc\u021bie.<br \/>\nSupapa este conceput\u0103 pentru a preveni revenirea fluxului de lichide sau gaze,  \u00een limitele valorilor admise pentru temperatur\u0103 \u0219i presiune. <\/p>","protected":false},"excerpt":{"rendered":"<p>Material arc &#8211; otel<br \/>\nMaterial corp suapap siguranta &#8211; alama<br \/>\nParametri tehnici<br \/>\nTemperatura maxima &#8211; 200 \u00b0C<br \/>\nTemperatura minima &#8211; 0 \u00b0C<br \/>\nPresiune nominala &#8211; 16 bar<br \/>\nTip racorduri &#8211; filet \/ F<br \/>\nRacord supape siguranta &#8211; 3\/4 &#8221;<br \/>\nRezistent la coroziune \u0219i \u0219ocuri mecanice.<\/p>\n","protected":false},"featured_media":10354,"template":"","meta":{"_joinchat":[]},"product_brand":[],"product_cat":[113],"product_tag":[],"class_list":{"0":"post-10353","1":"product","2":"type-product","3":"status-publish","4":"has-post-thumbnail","6":"product_cat-supa_sens_si_siguranta","7":"pa_filet-3-4","8":"pa_thread-type-inside","10":"first","11":"instock","12":"shipping-taxable","13":"product-type-simple"},"_links":{"self":[{"href":"https:\/\/test.proterm.md\/ro\/wp-json\/wp\/v2\/product\/10353","targetHints":{"allow":["GET"]}}],"collection":[{"href":"https:\/\/test.proterm.md\/ro\/wp-json\/wp\/v2\/product"}],"about":[{"href":"https:\/\/test.proterm.md\/ro\/wp-json\/wp\/v2\/types\/product"}],"wp:featuredmedia":[{"embeddable":true,"href":"https:\/\/test.proterm.md\/ro\/wp-json\/wp\/v2\/media\/10354"}],"wp:attachment":[{"href":"https:\/\/test.proterm.md\/ro\/wp-json\/wp\/v2\/media?parent=10353"}],"wp:term":[{"taxonomy":"product_brand","embeddable":true,"href":"https:\/\/test.proterm.md\/ro\/wp-json\/wp\/v2\/product_brand?post=10353"},{"taxonomy":"product_cat","embeddable":true,"href":"https:\/\/test.proterm.md\/ro\/wp-json\/wp\/v2\/product_cat?post=10353"},{"taxonomy":"product_tag","embeddable":true,"href":"https:\/\/test.proterm.md\/ro\/wp-json\/wp\/v2\/product_tag?post=10353"}],"curies":[{"name":"wp","href":"https:\/\/api.w.org\/{rel}","templated":true}]}}