{"id":10332,"date":"2022-03-25T14:45:26","date_gmt":"2022-03-25T12:45:26","guid":{"rendered":"https:\/\/test.proterm.md\/?post_type=product&#038;p=10332"},"modified":"2025-05-30T14:05:56","modified_gmt":"2025-05-30T12:05:56","slug":"supapa-de-sens-cu-clapeta-1-1-4","status":"publish","type":"product","link":"https:\/\/test.proterm.md\/ro\/product\/supapa-de-sens-cu-clapeta-1-1-4\/","title":{"rendered":"Supapa de sens cu clapeta 1 1\/4&#8243;"},"content":{"rendered":"<p>Supapele se pot monta numai in pozitie orizontala, respect\u00e2ndu-se sensul de circulatie al apei.<br \/>\n\u2022 controlul calit\u0103\u021bii confrom normelor europene \u00een vigoare<br \/>\n\u2022 toate supapele sunt supuse testului de etan\u0219eitate<br \/>\n\u2022 carcasa marcat\u0103 conform normelor europene<br \/>\n\u2022 pasul des al filetului de racord asigur\u0103 o legatur\u0103 sigur\u0103 \u0219i etan\u0219\u0103<br \/>\nO supap\u0103 de sens este un dispozitiv care permite curgerea apei \u00een conduct\u0103 \u00eentr-o singur\u0103 direc\u021bie.<br \/>\n<\/p>","protected":false},"excerpt":{"rendered":"<p>Montare &#8211; 1 1\/4&#8243; F\/F<br \/>\nMaterial &#8211; alama<br \/>\nTip montare &#8211; orizontal<\/p>\n","protected":false},"featured_media":10329,"template":"","meta":{"_joinchat":[]},"product_brand":[],"product_cat":[113],"product_tag":[],"class_list":{"0":"post-10332","1":"product","2":"type-product","3":"status-publish","4":"has-post-thumbnail","6":"product_cat-supa_sens_si_siguranta","7":"pa_filet-11-4","8":"pa_thread-type-inside","10":"first","11":"instock","12":"shipping-taxable","13":"product-type-simple"},"_links":{"self":[{"href":"https:\/\/test.proterm.md\/ro\/wp-json\/wp\/v2\/product\/10332","targetHints":{"allow":["GET"]}}],"collection":[{"href":"https:\/\/test.proterm.md\/ro\/wp-json\/wp\/v2\/product"}],"about":[{"href":"https:\/\/test.proterm.md\/ro\/wp-json\/wp\/v2\/types\/product"}],"wp:featuredmedia":[{"embeddable":true,"href":"https:\/\/test.proterm.md\/ro\/wp-json\/wp\/v2\/media\/10329"}],"wp:attachment":[{"href":"https:\/\/test.proterm.md\/ro\/wp-json\/wp\/v2\/media?parent=10332"}],"wp:term":[{"taxonomy":"product_brand","embeddable":true,"href":"https:\/\/test.proterm.md\/ro\/wp-json\/wp\/v2\/product_brand?post=10332"},{"taxonomy":"product_cat","embeddable":true,"href":"https:\/\/test.proterm.md\/ro\/wp-json\/wp\/v2\/product_cat?post=10332"},{"taxonomy":"product_tag","embeddable":true,"href":"https:\/\/test.proterm.md\/ro\/wp-json\/wp\/v2\/product_tag?post=10332"}],"curies":[{"name":"wp","href":"https:\/\/api.w.org\/{rel}","templated":true}]}}