{"id":10228,"date":"2022-03-21T08:58:38","date_gmt":"2022-03-21T06:58:38","guid":{"rendered":"https:\/\/test.proterm.md\/?post_type=product&#038;p=10228"},"modified":"2025-05-30T14:05:57","modified_gmt":"2025-05-30T12:05:57","slug":"diblu-pentru-materiale-de-izolare-70x60mm","status":"publish","type":"product","link":"https:\/\/test.proterm.md\/ro\/product\/diblu-pentru-materiale-de-izolare-70x60mm\/","title":{"rendered":"Diblu pentru materiale de izolare 70x60mm"},"content":{"rendered":"<div class=\"wpb-content-wrapper\"><p><\/p>\n<p>[vc_row][vc_column][vc_column_text text_larger=&#8221;no&#8221;]Domeniul de aplicare: Este utilizat pentru fixarea materialelor izolante moi \u0219i dure, cum ar fi vat\u0103 mineral\u0103, vat\u0103 de sticl\u0103, polistiren, poliuretan, plastic spum\u0103 \u0219i alte materiale, utilizate \u0219i pentru \u00eenc\u0103lzirea prin pardoseal\u0103.<\/p>\n<p>Cautati un magazin online de materiale pentru incalzire si canalizare? Diblu pentru materiale de izolare 70x60mm? Compania ProTerm Grup va pune la dispozitie o gama larga. Preturile noastre pentru Diblu pentru materiale de izolare 70x60mm sunt cele mai avantajoase pe piata din Moldova![\/vc_column_text][\/vc_column][\/vc_row]<\/p>\n<p><\/p>\n<\/div>","protected":false},"excerpt":{"rendered":"<p>Materiale: Cuiu este din polipropilena, diblul este din polipropilena.<br \/>\nBaza: Beton, beton u\u0219or, c\u0103r\u0103mid\u0103 obi\u0219nuit\u0103, piatr\u0103 natural\u0103.<br \/>\nInstalare: Produs prin introducerea unui cui \u00een diblu cu un ciocan<br \/>\nSe utilizeaza si la podea calda<br \/>\nMarimi  70mm&#x2195;\u044560mm&#x2194;<\/p>\n","protected":false},"featured_media":10229,"template":"","meta":{"_joinchat":[]},"product_brand":[],"product_cat":[685],"product_tag":[],"class_list":{"0":"post-10228","1":"product","2":"type-product","3":"status-publish","4":"has-post-thumbnail","6":"product_cat-polistiren_extrudat","8":"first","9":"instock","10":"shipping-taxable","11":"product-type-simple"},"_links":{"self":[{"href":"https:\/\/test.proterm.md\/ro\/wp-json\/wp\/v2\/product\/10228","targetHints":{"allow":["GET"]}}],"collection":[{"href":"https:\/\/test.proterm.md\/ro\/wp-json\/wp\/v2\/product"}],"about":[{"href":"https:\/\/test.proterm.md\/ro\/wp-json\/wp\/v2\/types\/product"}],"wp:featuredmedia":[{"embeddable":true,"href":"https:\/\/test.proterm.md\/ro\/wp-json\/wp\/v2\/media\/10229"}],"wp:attachment":[{"href":"https:\/\/test.proterm.md\/ro\/wp-json\/wp\/v2\/media?parent=10228"}],"wp:term":[{"taxonomy":"product_brand","embeddable":true,"href":"https:\/\/test.proterm.md\/ro\/wp-json\/wp\/v2\/product_brand?post=10228"},{"taxonomy":"product_cat","embeddable":true,"href":"https:\/\/test.proterm.md\/ro\/wp-json\/wp\/v2\/product_cat?post=10228"},{"taxonomy":"product_tag","embeddable":true,"href":"https:\/\/test.proterm.md\/ro\/wp-json\/wp\/v2\/product_tag?post=10228"}],"curies":[{"name":"wp","href":"https:\/\/api.w.org\/{rel}","templated":true}]}}